{"id":2396,"date":"2020-12-30T14:33:46","date_gmt":"2020-12-30T18:33:46","guid":{"rendered":"https:\/\/comicdominicano.com\/?page_id=2396"},"modified":"2021-10-08T08:16:00","modified_gmt":"2021-10-08T12:16:00","slug":"artistas-del-comic-dominicano","status":"publish","type":"page","link":"https:\/\/comicdominicano.com\/en\/artistas-del-comic-dominicano\/","title":{"rendered":"Dominican Comicbook Artists"},"content":{"rendered":"<p>[et_pb_section fb_built=&#8221;1&#8243; fullwidth=&#8221;on&#8221; _builder_version=&#8221;4.7.7&#8243; _module_preset=&#8221;default&#8221; global_colors_info=&#8221;{}&#8221;][et_pb_fullwidth_header title=&#8221;Artistas del C\u00f3mic Dominicano&#8221; _builder_version=&#8221;4.7.7&#8243; _module_preset=&#8221;default&#8221; content_font=&#8221;|600|||||||&#8221; content_font_size=&#8221;18px&#8221; background_enable_color=&#8221;off&#8221; use_background_color_gradient=&#8221;on&#8221; background_color_gradient_start=&#8221;rgba(0,0,0,0.82)&#8221; background_color_gradient_end=&#8221;rgba(0,0,0,0)&#8221; background_color_gradient_overlays_image=&#8221;on&#8221; background_image=&#8221;https:\/\/comicdominicano.com\/wp-content\/uploads\/2020\/07\/C\u00f3mics-Dominicanos-de-Autoras-Femeninas-Webtoon.jpg&#8221; custom_padding=&#8221;135px||122px|||&#8221; global_colors_info=&#8221;{}&#8221;]<\/p>\n<p>Aqu\u00ed encontrar\u00e1s una lista de los mejores artistas scuenciales dominicanos activos. Jovenes con gran talento para la creaci\u00f3n de historietas en todas sus formas.<\/p>\n<p>[\/et_pb_fullwidth_header][\/et_pb_section][et_pb_section fb_built=&#8221;1&#8243; _builder_version=&#8221;4.8.1&#8243; _module_preset=&#8221;default&#8221; custom_padding=&#8221;0px||0px|||&#8221; global_colors_info=&#8221;{}&#8221;][et_pb_row _builder_version=&#8221;4.8.1&#8243; _module_preset=&#8221;default&#8221; global_colors_info=&#8221;{}&#8221;][et_pb_column type=&#8221;4_4&#8243; _builder_version=&#8221;4.8.1&#8243; _module_preset=&#8221;default&#8221; global_colors_info=&#8221;{}&#8221;][et_pb_button button_url=&#8221;#Artistas&#8221; button_text=&#8221;Artistas&#8221; button_alignment=&#8221;center&#8221; module_class=&#8221;et_pb_button et_pb_custom_button_icon et_pb_button_0 btn btn-primary btn-lg btn3d et_pb_bg_layout_light et_had_animation&#8221; _builder_version=&#8221;4.8.1&#8243; _module_preset=&#8221;default&#8221; button_border_width=&#8221;0px&#8221; button_border_radius=&#8221;81px&#8221; button_icon=&#8221;%%26%%&#8221; global_colors_info=&#8221;{}&#8221;][\/et_pb_button][\/et_pb_column][\/et_pb_row][\/et_pb_section][et_pb_section fb_built=&#8221;1&#8243; _builder_version=&#8221;4.7.7&#8243; _module_preset=&#8221;default&#8221; custom_padding=&#8221;0px||0px|||&#8221; global_colors_info=&#8221;{}&#8221;][et_pb_row _builder_version=&#8221;4.7.7&#8243; _module_preset=&#8221;default&#8221; global_colors_info=&#8221;{}&#8221;][et_pb_column type=&#8221;4_4&#8243; _builder_version=&#8221;4.7.7&#8243; _module_preset=&#8221;default&#8221; global_colors_info=&#8221;{}&#8221;][et_pb_text _builder_version=&#8221;4.7.7&#8243; _module_preset=&#8221;default&#8221; global_colors_info=&#8221;{}&#8221;]<\/p>\n<h2>Una nueva generaci\u00f3n Artistas Secuenciales<\/h2>\n<p>[\/et_pb_text][et_pb_text _builder_version=&#8221;4.7.7&#8243; _module_preset=&#8221;default&#8221; text_font_size=&#8221;20px&#8221; global_colors_info=&#8221;{}&#8221;]<\/p>\n<p>Desde que Will Eisner legitim\u00f3 el c\u00f3mic tras un arduo trabajo de investigaci\u00f3n y posterior labor pedag\u00f3gica en Estados Unidos, el ya famoso arte secuencial ha tomado su lugar como el medio narrativo m\u00e1s accesible de todos, cement\u00e1ndose as\u00ed como el aclamado noveno arte.<\/p>\n<p>Es por esto que a pesar de que la palabra &#8221;C\u00f3mic&#8221; sigue siendo ampliamente utilizada para referirse al formato de historietas estadounidenses semanales (generalmente de super h\u00e9roes), nuevos t\u00e9rminos han sido acu\u00f1ados con el objetivo de ir de la mano con la seriedad y diversidad de g\u00e9neros que poco a poco empiezan a representar a este medio en la mente del p\u00fablico.<\/p>\n<p>Hoy hablamos de Novelas Gr\u00e1ficas gracias a Eisner, formato que ha tomado prestados casi todos los g\u00e9neros existentes en la literatura cl\u00e1sica. Por suerte esto no es lo \u00fanico que ha tomado prestado, pues la inspiraci\u00f3n que ha enriquecido a las obras que disfrutan y crean las nuevas generaciones de artistas secuenciales, tambi\u00e9n han inspirado a una ola de artistas dominicanos a convertir al c\u00f3mic en el catalizador para hacer sus sue\u00f1os realidad.<\/p>\n<p>A continuaci\u00f3n algunos de los j\u00f3venes que nos han hecho creer en el futuro del arte secuencial dominicano:<\/p>\n<p>[\/et_pb_text][\/et_pb_column][\/et_pb_row][et_pb_row column_structure=&#8221;1_3,1_3,1_3&#8243; module_id=&#8221;Artistas&#8221; _builder_version=&#8221;4.8.1&#8243; _module_preset=&#8221;default&#8221; custom_padding=&#8221;||0px|||&#8221; global_colors_info=&#8221;{}&#8221;][et_pb_column type=&#8221;1_3&#8243; _builder_version=&#8221;4.7.7&#8243; _module_preset=&#8221;default&#8221; global_colors_info=&#8221;{}&#8221;][et_pb_blurb title=&#8221;Vianca M. Santos&#8221; image=&#8221;https:\/\/comicdominicano.com\/wp-content\/uploads\/2020\/12\/Vianca.png&#8221; alt=&#8221;Vianca&#8221; _builder_version=&#8221;4.7.7&#8243; _module_preset=&#8221;default&#8221; header_text_align=&#8221;center&#8221; custom_margin=&#8221;0px||0px||true|false&#8221; custom_padding=&#8221;0px||0px||true|false&#8221; global_colors_info=&#8221;{}&#8221;]<\/p>\n<p style=\"font-weight: 400; text-align: center;\">Ilustradora de coraz\u00f3n y dise\u00f1adora gr\u00e1fica ocasional. Apasionada por la creaci\u00f3n de personajes e historias. Estudiante de t\u00e9rmino de la carrera de Comunicaci\u00f3n Digital en la universidad APEC, Santo Domingo.<\/p>\n<p>[\/et_pb_blurb][et_pb_button button_url=&#8221;https:\/\/comicdominicano.com\/project\/vianca-m-santos\/&#8221; button_text=&#8221;Ver Portafolio&#8221; button_alignment=&#8221;center&#8221; module_class=&#8221;et_pb_button et_pb_custom_button_icon et_pb_button_1 btn btn-primary btn-lg btn3d et_pb_bg_layout_light&#8221; _builder_version=&#8221;4.7.7&#8243; _module_preset=&#8221;default&#8221; button_border_width=&#8221;0px&#8221; button_border_radius=&#8221;64px&#8221; custom_margin=&#8221;5%||5%||true|false&#8221; global_colors_info=&#8221;{}&#8221;][\/et_pb_button][et_pb_blurb title=&#8221;Elkys Nova&#8221; image=&#8221;https:\/\/comicdominicano.com\/wp-content\/uploads\/2021\/01\/Elkys-Nova.png&#8221; alt=&#8221;Elkys Nova&#8221; _builder_version=&#8221;4.8.1&#8243; _module_preset=&#8221;default&#8221; header_text_align=&#8221;center&#8221; custom_margin=&#8221;0px||0px||true|false&#8221; global_colors_info=&#8221;{}&#8221;]<\/p>\n<p style=\"text-align: center;\"><span>Ha trabajado como dibujante en &#8221;Canqui\u00f1a Especial&#8221;, &#8221;Familia&#8221; y en trabajos internacionales como &#8221;<strong><a href=\"https:\/\/royoftheroversofficial.com\/news\/2362\">Roy of the Rovers<\/a><\/strong>&#8221; y el &#8221;<a href=\"https:\/\/comicdominicano.com\/entrevista-ramzee-elkys-nova-sobre-traer-de-vuelta-a-cat-girl-en-el-especial-de-tammy-jinty\/\"><strong>Especial de Tammy &amp; Jinty<\/strong><\/a>&#8221;, ambos trabajos para la editorial brit\u00e1nica\u00a0<strong><a href=\"https:\/\/rebellionpublishing.com\/\">Rebellion Publishing<\/a><\/strong>.\u00a0<\/span><\/p>\n<p>[\/et_pb_blurb][et_pb_button button_url=&#8221;https:\/\/comicdominicano.com\/elkys-nova-ilustrador\/&#8221; button_text=&#8221;Ver Portafolio&#8221; button_alignment=&#8221;center&#8221; module_class=&#8221;et_pb_button et_pb_custom_button_icon et_pb_button_1 btn btn-primary btn-lg btn3d et_pb_bg_layout_light&#8221; _builder_version=&#8221;4.8.1&#8243; _module_preset=&#8221;default&#8221; button_border_width=&#8221;0px&#8221; button_border_radius=&#8221;64px&#8221; custom_margin=&#8221;5%||5%||true|false&#8221; global_colors_info=&#8221;{}&#8221;][\/et_pb_button][\/et_pb_column][et_pb_column type=&#8221;1_3&#8243; _builder_version=&#8221;4.7.7&#8243; _module_preset=&#8221;default&#8221; global_colors_info=&#8221;{}&#8221;][et_pb_blurb title=&#8221; Luis Manuel Mari\u00f1ez Arias&#8221; image=&#8221;https:\/\/comicdominicano.com\/wp-content\/uploads\/2020\/12\/Shoo.png&#8221; alt=&#8221;Vianca&#8221; _builder_version=&#8221;4.7.7&#8243; _module_preset=&#8221;default&#8221; header_text_align=&#8221;center&#8221; custom_margin=&#8221;0px||0px||true|false&#8221; global_colors_info=&#8221;{}&#8221;]<\/p>\n<p style=\"text-align: center;\"><span>Mejor conocido como Manuel Shoo. Dise\u00f1ador\u00a0gr\u00e1fico de profesi\u00f3n pero se dedic\u00f3 a la ilustraci\u00f3n actualmente. Ha p\u00fablicado c\u00f3mics como, &#8221;el Cuco&#8221;, &#8221;Viralata&#8221;, y &#8221;La Armadura de mi Hermano&#8221;.<\/span><\/p>\n<p>[\/et_pb_blurb][et_pb_button button_url=&#8221;https:\/\/comicdominicano.com\/project\/luis-manuel-marinez-arias\/&#8221; button_text=&#8221;Ver Portafolio&#8221; button_alignment=&#8221;center&#8221; module_class=&#8221;et_pb_button et_pb_custom_button_icon et_pb_button_1 btn btn-primary btn-lg btn3d et_pb_bg_layout_light&#8221; _builder_version=&#8221;4.7.7&#8243; _module_preset=&#8221;default&#8221; button_border_width=&#8221;0px&#8221; button_border_radius=&#8221;64px&#8221; custom_margin=&#8221;5%||5%||true|false&#8221; global_colors_info=&#8221;{}&#8221;][\/et_pb_button][et_pb_blurb title=&#8221;Varenne Rinc\u00f3n&#8221; image=&#8221;https:\/\/comicdominicano.com\/wp-content\/uploads\/2021\/01\/Varenny-Rincon.png&#8221; alt=&#8221;Varenny Rinc\u00f3n&#8221; _builder_version=&#8221;4.8.1&#8243; _module_preset=&#8221;default&#8221; header_text_align=&#8221;center&#8221; custom_margin=&#8221;0px||0px||true|false&#8221; global_colors_info=&#8221;{}&#8221;]<\/p>\n<p style=\"text-align: center;\"><span>Es una artista autodidacta dedicada a crear historias que salen directo de su coraz\u00f3n. Su principal objetivo como ilustradora y artista secuencial es expresarse y entretener.\u00a0 \u00a0Recientemente obtuvo fama en webtoon.<\/span><\/p>\n<p>[\/et_pb_blurb][et_pb_button button_url=&#8221;https:\/\/comicdominicano.com\/varenne-rincon\/&#8221; button_text=&#8221;Ver Portafolio&#8221; button_alignment=&#8221;center&#8221; module_class=&#8221;et_pb_button et_pb_custom_button_icon et_pb_button_1 btn btn-primary btn-lg btn3d et_pb_bg_layout_light&#8221; _builder_version=&#8221;4.8.1&#8243; _module_preset=&#8221;default&#8221; button_border_width=&#8221;0px&#8221; button_border_radius=&#8221;64px&#8221; custom_margin=&#8221;5%||5%||true|false&#8221; global_colors_info=&#8221;{}&#8221;][\/et_pb_button][\/et_pb_column][et_pb_column type=&#8221;1_3&#8243; _builder_version=&#8221;4.7.7&#8243; _module_preset=&#8221;default&#8221; global_colors_info=&#8221;{}&#8221;][et_pb_blurb title=&#8221;Gabriel Castillo&#8221; image=&#8221;https:\/\/comicdominicano.com\/wp-content\/uploads\/2020\/12\/Gabriel-Castillo.png&#8221; alt=&#8221;Vianca&#8221; _builder_version=&#8221;4.7.7&#8243; _module_preset=&#8221;default&#8221; header_text_align=&#8221;center&#8221; custom_margin=&#8221;0px||0px||true|false&#8221; custom_padding=&#8221;0px||0px||true|false&#8221; global_colors_info=&#8221;{}&#8221;]<\/p>\n<p style=\"text-align: center;\">Ilustrador profesional cuyos<br \/> dibujos son bastante realistas. Gan\u00f3 a finales<br \/> de 2019 la medalla de bronce<br \/> en el 13th Japan International Manga Award, con su novela gr\u00e1fica Palma Sola.<\/p>\n<p>[\/et_pb_blurb][et_pb_button button_url=&#8221;https:\/\/comicdominicano.com\/project\/gabriel-castillo\/&#8221; button_text=&#8221;Ver Portafolio&#8221; button_alignment=&#8221;center&#8221; module_class=&#8221;et_pb_button et_pb_custom_button_icon et_pb_button_1 btn btn-primary btn-lg btn3d et_pb_bg_layout_light&#8221; _builder_version=&#8221;4.7.7&#8243; _module_preset=&#8221;default&#8221; button_border_width=&#8221;0px&#8221; button_border_radius=&#8221;64px&#8221; custom_margin=&#8221;5%||5%||true|false&#8221; global_colors_info=&#8221;{}&#8221;][\/et_pb_button][\/et_pb_column][\/et_pb_row][et_pb_row _builder_version=&#8221;4.7.7&#8243; _module_preset=&#8221;default&#8221; global_colors_info=&#8221;{}&#8221;][et_pb_column type=&#8221;4_4&#8243; _builder_version=&#8221;4.7.7&#8243; _module_preset=&#8221;default&#8221; global_colors_info=&#8221;{}&#8221;][et_pb_text _builder_version=&#8221;4.7.7&#8243; _module_preset=&#8221;default&#8221; global_colors_info=&#8221;{}&#8221;]<\/p>\n<h2 style=\"text-align: center;\">Ser\u00eda un honor para nosotros que este directorio de artistas secuenciales siga creciendo, si quieres unirte o quieres recomendar a alg\u00fan artista secuencial, no dudes en escribirnos.<\/h2>\n<p>[\/et_pb_text][\/et_pb_column][\/et_pb_row][\/et_pb_section]<\/p>\n","protected":false},"excerpt":{"rendered":"<p>Aqu\u00ed encontrar\u00e1s una lista de los mejores artistas secuenciales dominicanos activos. J\u00f3venes con gran talento para la creaci\u00f3n de historietas en todas sus formas.<\/p>","protected":false},"author":1,"featured_media":807,"parent":0,"menu_order":0,"comment_status":"closed","ping_status":"closed","template":"","meta":{"nf_dc_page":"","_et_pb_use_builder":"on","_et_pb_old_content":"","_et_gb_content_width":"","inline_featured_image":false,"footnotes":""},"class_list":["post-2396","page","type-page","status-publish","has-post-thumbnail","hentry"],"yoast_head":"<!-- This site is optimized with the Yoast SEO plugin v27.4 - https:\/\/yoast.com\/product\/yoast-seo-wordpress\/ -->\n<title>Artistas del C\u00f3mic Dominicano - Cultura C\u00f3mic RD<\/title>\n<meta name=\"robots\" content=\"index, follow, max-snippet:-1, max-image-preview:large, max-video-preview:-1\" \/>\n<link rel=\"canonical\" href=\"https:\/\/zpo.yqp.mybluehost.me\/comicdominicano\/artistas-del-comic-dominicano\/\" \/>\n<meta property=\"og:locale\" content=\"en_US\" \/>\n<meta property=\"og:type\" content=\"article\" \/>\n<meta property=\"og:title\" content=\"Artistas del C\u00f3mic Dominicano - Cultura C\u00f3mic RD\" \/>\n<meta property=\"og:description\" content=\"Aqu\u00ed encontrar\u00e1s una lista de los mejores artistas secuenciales dominicanos activos. J\u00f3venes con gran talento para la creaci\u00f3n de historietas en todas sus formas.\" \/>\n<meta property=\"og:url\" content=\"https:\/\/zpo.yqp.mybluehost.me\/comicdominicano\/artistas-del-comic-dominicano\/\" \/>\n<meta property=\"og:site_name\" content=\"Cultura C\u00f3mic RD\" \/>\n<meta property=\"article:publisher\" content=\"https:\/\/www.facebook.com\/CulturaComicRD\/\" \/>\n<meta property=\"article:modified_time\" content=\"2021-10-08T12:16:00+00:00\" \/>\n<meta property=\"og:image\" content=\"https:\/\/zpo.yqp.mybluehost.me\/comicdominicano\/wp-content\/uploads\/2019\/07\/Cultura-C\u00f3mic-RD-El-Picoteo-SDQ-2019-Hablemos-del-Dinero.jpg\" \/>\n\t<meta property=\"og:image:width\" content=\"1920\" \/>\n\t<meta property=\"og:image:height\" content=\"1080\" \/>\n\t<meta property=\"og:image:type\" content=\"image\/jpeg\" \/>\n<meta name=\"twitter:card\" content=\"summary_large_image\" \/>\n<meta name=\"twitter:site\" content=\"@CulturaComic\" \/>\n<meta name=\"twitter:label1\" content=\"Est. reading time\" \/>\n\t<meta name=\"twitter:data1\" content=\"7 minutes\" \/>\n<script type=\"application\/ld+json\" class=\"yoast-schema-graph\">{\"@context\":\"https:\\\/\\\/schema.org\",\"@graph\":[{\"@type\":\"WebPage\",\"@id\":\"https:\\\/\\\/zpo.yqp.mybluehost.me\\\/comicdominicano\\\/artistas-del-comic-dominicano\\\/\",\"url\":\"https:\\\/\\\/zpo.yqp.mybluehost.me\\\/comicdominicano\\\/artistas-del-comic-dominicano\\\/\",\"name\":\"Artistas del C\u00f3mic Dominicano - Cultura C\u00f3mic RD\",\"isPartOf\":{\"@id\":\"https:\\\/\\\/zpo.yqp.mybluehost.me\\\/comicdominicano\\\/en\\\/#website\"},\"primaryImageOfPage\":{\"@id\":\"https:\\\/\\\/zpo.yqp.mybluehost.me\\\/comicdominicano\\\/artistas-del-comic-dominicano\\\/#primaryimage\"},\"image\":{\"@id\":\"https:\\\/\\\/zpo.yqp.mybluehost.me\\\/comicdominicano\\\/artistas-del-comic-dominicano\\\/#primaryimage\"},\"thumbnailUrl\":\"https:\\\/\\\/comicdominicano.com\\\/wp-content\\\/uploads\\\/2019\\\/07\\\/Cultura-C\u00f3mic-RD-El-Picoteo-SDQ-2019-Hablemos-del-Dinero.jpg\",\"datePublished\":\"2020-12-30T18:33:46+00:00\",\"dateModified\":\"2021-10-08T12:16:00+00:00\",\"breadcrumb\":{\"@id\":\"https:\\\/\\\/zpo.yqp.mybluehost.me\\\/comicdominicano\\\/artistas-del-comic-dominicano\\\/#breadcrumb\"},\"inLanguage\":\"en-US\",\"potentialAction\":[{\"@type\":\"ReadAction\",\"target\":[\"https:\\\/\\\/zpo.yqp.mybluehost.me\\\/comicdominicano\\\/artistas-del-comic-dominicano\\\/\"]}]},{\"@type\":\"ImageObject\",\"inLanguage\":\"en-US\",\"@id\":\"https:\\\/\\\/zpo.yqp.mybluehost.me\\\/comicdominicano\\\/artistas-del-comic-dominicano\\\/#primaryimage\",\"url\":\"https:\\\/\\\/comicdominicano.com\\\/wp-content\\\/uploads\\\/2019\\\/07\\\/Cultura-C\u00f3mic-RD-El-Picoteo-SDQ-2019-Hablemos-del-Dinero.jpg\",\"contentUrl\":\"https:\\\/\\\/comicdominicano.com\\\/wp-content\\\/uploads\\\/2019\\\/07\\\/Cultura-C\u00f3mic-RD-El-Picoteo-SDQ-2019-Hablemos-del-Dinero.jpg\",\"width\":1920,\"height\":1080,\"caption\":\"Cultura C\u00f3mic RD - El Picoteo SDQ 2019 - Hablemos del Dinero\"},{\"@type\":\"BreadcrumbList\",\"@id\":\"https:\\\/\\\/zpo.yqp.mybluehost.me\\\/comicdominicano\\\/artistas-del-comic-dominicano\\\/#breadcrumb\",\"itemListElement\":[{\"@type\":\"ListItem\",\"position\":1,\"name\":\"Home\",\"item\":\"https:\\\/\\\/comicdominicano.com\\\/\"},{\"@type\":\"ListItem\",\"position\":2,\"name\":\"Artistas del C\u00f3mic Dominicano\"}]},{\"@type\":\"WebSite\",\"@id\":\"https:\\\/\\\/zpo.yqp.mybluehost.me\\\/comicdominicano\\\/en\\\/#website\",\"url\":\"https:\\\/\\\/zpo.yqp.mybluehost.me\\\/comicdominicano\\\/en\\\/\",\"name\":\"Cultura C\u00f3mic RD\",\"description\":\"Apoyando al C\u00f3mic Dominicano\",\"publisher\":{\"@id\":\"https:\\\/\\\/zpo.yqp.mybluehost.me\\\/comicdominicano\\\/en\\\/#organization\"},\"potentialAction\":[{\"@type\":\"SearchAction\",\"target\":{\"@type\":\"EntryPoint\",\"urlTemplate\":\"https:\\\/\\\/zpo.yqp.mybluehost.me\\\/comicdominicano\\\/en\\\/?s={search_term_string}\"},\"query-input\":{\"@type\":\"PropertyValueSpecification\",\"valueRequired\":true,\"valueName\":\"search_term_string\"}}],\"inLanguage\":\"en-US\"},{\"@type\":\"Organization\",\"@id\":\"https:\\\/\\\/zpo.yqp.mybluehost.me\\\/comicdominicano\\\/en\\\/#organization\",\"name\":\"Cultura C\u00f3mic RD\",\"url\":\"https:\\\/\\\/zpo.yqp.mybluehost.me\\\/comicdominicano\\\/en\\\/\",\"logo\":{\"@type\":\"ImageObject\",\"inLanguage\":\"en-US\",\"@id\":\"https:\\\/\\\/zpo.yqp.mybluehost.me\\\/comicdominicano\\\/en\\\/#\\\/schema\\\/logo\\\/image\\\/\",\"url\":\"https:\\\/\\\/comicdominicano.com\\\/wp-content\\\/uploads\\\/2019\\\/07\\\/CulturaComicLogo.png\",\"contentUrl\":\"https:\\\/\\\/comicdominicano.com\\\/wp-content\\\/uploads\\\/2019\\\/07\\\/CulturaComicLogo.png\",\"width\":2000,\"height\":2000,\"caption\":\"Cultura C\u00f3mic RD\"},\"image\":{\"@id\":\"https:\\\/\\\/zpo.yqp.mybluehost.me\\\/comicdominicano\\\/en\\\/#\\\/schema\\\/logo\\\/image\\\/\"},\"sameAs\":[\"https:\\\/\\\/www.facebook.com\\\/CulturaComicRD\\\/\",\"https:\\\/\\\/x.com\\\/CulturaComic\",\"https:\\\/\\\/www.instagram.com\\\/culturacomic\\\/\",\"https:\\\/\\\/www.linkedin.com\\\/company\\\/18631015\\\/\",\"https:\\\/\\\/www.youtube.com\\\/channel\\\/UCfrvHQiWywLR4w5v-g3ppjw\"]}]}<\/script>\n<!-- \/ Yoast SEO plugin. -->","yoast_head_json":{"title":"Artistas del C\u00f3mic Dominicano - Cultura C\u00f3mic RD","robots":{"index":"index","follow":"follow","max-snippet":"max-snippet:-1","max-image-preview":"max-image-preview:large","max-video-preview":"max-video-preview:-1"},"canonical":"https:\/\/zpo.yqp.mybluehost.me\/comicdominicano\/artistas-del-comic-dominicano\/","og_locale":"en_US","og_type":"article","og_title":"Artistas del C\u00f3mic Dominicano - Cultura C\u00f3mic RD","og_description":"Aqu\u00ed encontrar\u00e1s una lista de los mejores artistas secuenciales dominicanos activos. J\u00f3venes con gran talento para la creaci\u00f3n de historietas en todas sus formas.","og_url":"https:\/\/zpo.yqp.mybluehost.me\/comicdominicano\/artistas-del-comic-dominicano\/","og_site_name":"Cultura C\u00f3mic RD","article_publisher":"https:\/\/www.facebook.com\/CulturaComicRD\/","article_modified_time":"2021-10-08T12:16:00+00:00","og_image":[{"width":1920,"height":1080,"url":"https:\/\/zpo.yqp.mybluehost.me\/comicdominicano\/wp-content\/uploads\/2019\/07\/Cultura-C\u00f3mic-RD-El-Picoteo-SDQ-2019-Hablemos-del-Dinero.jpg","type":"image\/jpeg"}],"twitter_card":"summary_large_image","twitter_site":"@CulturaComic","twitter_misc":{"Est. reading time":"7 minutes"},"schema":{"@context":"https:\/\/schema.org","@graph":[{"@type":"WebPage","@id":"https:\/\/zpo.yqp.mybluehost.me\/comicdominicano\/artistas-del-comic-dominicano\/","url":"https:\/\/zpo.yqp.mybluehost.me\/comicdominicano\/artistas-del-comic-dominicano\/","name":"Artistas del C\u00f3mic Dominicano - Cultura C\u00f3mic RD","isPartOf":{"@id":"https:\/\/zpo.yqp.mybluehost.me\/comicdominicano\/en\/#website"},"primaryImageOfPage":{"@id":"https:\/\/zpo.yqp.mybluehost.me\/comicdominicano\/artistas-del-comic-dominicano\/#primaryimage"},"image":{"@id":"https:\/\/zpo.yqp.mybluehost.me\/comicdominicano\/artistas-del-comic-dominicano\/#primaryimage"},"thumbnailUrl":"https:\/\/comicdominicano.com\/wp-content\/uploads\/2019\/07\/Cultura-C\u00f3mic-RD-El-Picoteo-SDQ-2019-Hablemos-del-Dinero.jpg","datePublished":"2020-12-30T18:33:46+00:00","dateModified":"2021-10-08T12:16:00+00:00","breadcrumb":{"@id":"https:\/\/zpo.yqp.mybluehost.me\/comicdominicano\/artistas-del-comic-dominicano\/#breadcrumb"},"inLanguage":"en-US","potentialAction":[{"@type":"ReadAction","target":["https:\/\/zpo.yqp.mybluehost.me\/comicdominicano\/artistas-del-comic-dominicano\/"]}]},{"@type":"ImageObject","inLanguage":"en-US","@id":"https:\/\/zpo.yqp.mybluehost.me\/comicdominicano\/artistas-del-comic-dominicano\/#primaryimage","url":"https:\/\/comicdominicano.com\/wp-content\/uploads\/2019\/07\/Cultura-C\u00f3mic-RD-El-Picoteo-SDQ-2019-Hablemos-del-Dinero.jpg","contentUrl":"https:\/\/comicdominicano.com\/wp-content\/uploads\/2019\/07\/Cultura-C\u00f3mic-RD-El-Picoteo-SDQ-2019-Hablemos-del-Dinero.jpg","width":1920,"height":1080,"caption":"Cultura C\u00f3mic RD - El Picoteo SDQ 2019 - Hablemos del Dinero"},{"@type":"BreadcrumbList","@id":"https:\/\/zpo.yqp.mybluehost.me\/comicdominicano\/artistas-del-comic-dominicano\/#breadcrumb","itemListElement":[{"@type":"ListItem","position":1,"name":"Home","item":"https:\/\/comicdominicano.com\/"},{"@type":"ListItem","position":2,"name":"Artistas del C\u00f3mic Dominicano"}]},{"@type":"WebSite","@id":"https:\/\/zpo.yqp.mybluehost.me\/comicdominicano\/en\/#website","url":"https:\/\/zpo.yqp.mybluehost.me\/comicdominicano\/en\/","name":"Cultura C\u00f3mic RD","description":"Apoyando al C\u00f3mic Dominicano","publisher":{"@id":"https:\/\/zpo.yqp.mybluehost.me\/comicdominicano\/en\/#organization"},"potentialAction":[{"@type":"SearchAction","target":{"@type":"EntryPoint","urlTemplate":"https:\/\/zpo.yqp.mybluehost.me\/comicdominicano\/en\/?s={search_term_string}"},"query-input":{"@type":"PropertyValueSpecification","valueRequired":true,"valueName":"search_term_string"}}],"inLanguage":"en-US"},{"@type":"Organization","@id":"https:\/\/zpo.yqp.mybluehost.me\/comicdominicano\/en\/#organization","name":"Cultura C\u00f3mic RD","url":"https:\/\/zpo.yqp.mybluehost.me\/comicdominicano\/en\/","logo":{"@type":"ImageObject","inLanguage":"en-US","@id":"https:\/\/zpo.yqp.mybluehost.me\/comicdominicano\/en\/#\/schema\/logo\/image\/","url":"https:\/\/comicdominicano.com\/wp-content\/uploads\/2019\/07\/CulturaComicLogo.png","contentUrl":"https:\/\/comicdominicano.com\/wp-content\/uploads\/2019\/07\/CulturaComicLogo.png","width":2000,"height":2000,"caption":"Cultura C\u00f3mic RD"},"image":{"@id":"https:\/\/zpo.yqp.mybluehost.me\/comicdominicano\/en\/#\/schema\/logo\/image\/"},"sameAs":["https:\/\/www.facebook.com\/CulturaComicRD\/","https:\/\/x.com\/CulturaComic","https:\/\/www.instagram.com\/culturacomic\/","https:\/\/www.linkedin.com\/company\/18631015\/","https:\/\/www.youtube.com\/channel\/UCfrvHQiWywLR4w5v-g3ppjw"]}]}},"_links":{"self":[{"href":"https:\/\/comicdominicano.com\/en\/wp-json\/wp\/v2\/pages\/2396","targetHints":{"allow":["GET"]}}],"collection":[{"href":"https:\/\/comicdominicano.com\/en\/wp-json\/wp\/v2\/pages"}],"about":[{"href":"https:\/\/comicdominicano.com\/en\/wp-json\/wp\/v2\/types\/page"}],"author":[{"embeddable":true,"href":"https:\/\/comicdominicano.com\/en\/wp-json\/wp\/v2\/users\/1"}],"replies":[{"embeddable":true,"href":"https:\/\/comicdominicano.com\/en\/wp-json\/wp\/v2\/comments?post=2396"}],"version-history":[{"count":5,"href":"https:\/\/comicdominicano.com\/en\/wp-json\/wp\/v2\/pages\/2396\/revisions"}],"predecessor-version":[{"id":3061,"href":"https:\/\/comicdominicano.com\/en\/wp-json\/wp\/v2\/pages\/2396\/revisions\/3061"}],"wp:featuredmedia":[{"embeddable":true,"href":"https:\/\/comicdominicano.com\/en\/wp-json\/wp\/v2\/media\/807"}],"wp:attachment":[{"href":"https:\/\/comicdominicano.com\/en\/wp-json\/wp\/v2\/media?parent=2396"}],"curies":[{"name":"wp","href":"https:\/\/api.w.org\/{rel}","templated":true}]}}