{"id":225,"date":"2019-07-23T23:45:49","date_gmt":"2019-07-23T23:45:49","guid":{"rendered":"https:\/\/comicdominicano.com\/?page_id=225"},"modified":"2021-09-27T22:17:03","modified_gmt":"2021-09-28T02:17:03","slug":"sketchdom","status":"publish","type":"page","link":"https:\/\/comicdominicano.com\/en\/sketchdom\/","title":{"rendered":"SketchDom"},"content":{"rendered":"<p>[et_pb_section fb_built=&#8221;1&#8243; fullwidth=&#8221;on&#8221; _builder_version=&#8221;4.5.7&#8243; _module_preset=&#8221;default&#8221; global_colors_info=&#8221;{}&#8221;][et_pb_fullwidth_image src=&#8221;https:\/\/comicdominicano.com\/wp-content\/uploads\/2019\/07\/SketchDom-Royal-Rumble-2018-SketchDom-RD-2019.jpg&#8221; alt=&#8221;SketchDom Charlas &#8211; SketchDom RD 2019&#8243; title_text=&#8221;Charlas Sketchdom 2018 &#8211; SketchDom RD 2019&#8243; url=&#8221;https:\/\/sketchdom.net\/acreditaciones?utm_source=Cultura%20C%C3%B3mic%20RD&#038;utm_medium=Website%20CCRD&#038;utm_campaign=CCRD%20-%20Sketchdom%20Online&#038;utm_content=Acreditaciones&#8221; url_new_window=&#8221;on&#8221; _builder_version=&#8221;4.10.8&#8243; _module_preset=&#8221;default&#8221; hover_enabled=&#8221;0&#8243; global_colors_info=&#8221;{}&#8221; sticky_enabled=&#8221;0&#8243;][\/et_pb_fullwidth_image][\/et_pb_section][et_pb_section fb_built=&#8221;1&#8243; admin_label=&#8221;Fondo Rojo IMG&#8221; _builder_version=&#8221;4.10.8&#8243; background_color_gradient_direction=&#8221;90deg&#8221; background_image=&#8221;https:\/\/comicdominicano.com\/wp-content\/uploads\/2019\/07\/Fondo-Opt.jpg&#8221; min_height=&#8221;888px&#8221; custom_padding=&#8221;25px||25px||true|&#8221; hover_enabled=&#8221;0&#8243; global_colors_info=&#8221;{}&#8221; sticky_enabled=&#8221;0&#8243;][et_pb_row padding_top_bottom_link_1=&#8221;false&#8221; padding_left_right_link_1=&#8221;false&#8221; admin_label=&#8221;Fondo Rojo IMG&#8221; _builder_version=&#8221;3.26.3&#8243; background_enable_color=&#8221;off&#8221; background_image=&#8221;https:\/\/comicdominicano.com\/wp-content\/uploads\/2019\/07\/Fondo-Opt.jpg&#8221; width_tablet=&#8221;&#8221; width_phone=&#8221;90%&#8221; width_last_edited=&#8221;on|desktop&#8221; max_width=&#8221;none&#8221; module_alignment=&#8221;right&#8221; min_height=&#8221;507px&#8221; custom_padding=&#8221;|27px|0px|||&#8221; global_colors_info=&#8221;{}&#8221;][et_pb_column type=&#8221;4_4&#8243; _builder_version=&#8221;3.25&#8243; custom_padding=&#8221;|10vw||&#8221; global_colors_info=&#8221;{}&#8221; custom_padding__hover=&#8221;|||&#8221;][et_pb_text admin_label=&#8221;Expectations EV TXT&#8221; _builder_version=&#8221;4.10.8&#8243; text_font=&#8221;||||||||&#8221; text_font_size=&#8221;18px&#8221; text_line_height=&#8221;1.9em&#8221; header_3_font=&#8221;Lato|700|||||||&#8221; header_3_font_size=&#8221;20px&#8221; header_3_line_height=&#8221;1.4em&#8221; background_layout=&#8221;dark&#8221; width=&#8221;100%&#8221; max_width=&#8221;800px&#8221; max_width_tablet=&#8221;100%&#8221; max_width_phone=&#8221;&#8221; max_width_last_edited=&#8221;on|tablet&#8221; min_height=&#8221;213px&#8221; custom_margin=&#8221;25px|||||&#8221; custom_margin_tablet=&#8221;||30px&#8221; custom_margin_last_edited=&#8221;off|desktop&#8221; hover_enabled=&#8221;0&#8243; text_font_size_tablet=&#8221;&#8221; text_font_size_phone=&#8221;15px&#8221; text_font_size_last_edited=&#8221;on|phone&#8221; locked=&#8221;off&#8221; global_colors_info=&#8221;{}&#8221; sticky_enabled=&#8221;0&#8243; text_text_color=&#8221;#F7F7F7&#8243;]<\/p>\n<h2>\u00bfQu\u00e9 es SketchDom?<\/h2>\n<p>El SkecthDom es una actividad creada por Manuel Shoo y organizada por Alpha Eve. Est\u00e1 enfocada en promover el talento art\u00edstico dominicano a trav\u00e9s de galer\u00edas de arte, concursos de dibujo, exposiciones de dibujos en vivo, adem\u00e1s de exposiciones, talleres y venta de c\u00f3mics dominicanos.<\/p>\n<p>[\/et_pb_text][et_pb_text admin_label=&#8221;Title Resumen TXT&#8221; _builder_version=&#8221;3.27.4&#8243; text_font=&#8221;||||||||&#8221; text_font_size=&#8221;18px&#8221; text_line_height=&#8221;1.9em&#8221; header_3_font=&#8221;Lato|700|||||||&#8221; header_3_font_size=&#8221;20px&#8221; header_3_line_height=&#8221;1.4em&#8221; background_layout=&#8221;dark&#8221; width=&#8221;100%&#8221; max_width=&#8221;800px&#8221; max_width_tablet=&#8221;100%&#8221; max_width_phone=&#8221;&#8221; max_width_last_edited=&#8221;on|tablet&#8221; min_height=&#8221;40px&#8221; custom_margin=&#8221;25px||2px|||&#8221; custom_margin_tablet=&#8221;||30px&#8221; custom_margin_last_edited=&#8221;off|desktop&#8221; custom_padding=&#8221;7px|||||&#8221; text_font_size_tablet=&#8221;&#8221; text_font_size_phone=&#8221;15px&#8221; text_font_size_last_edited=&#8221;on|phone&#8221; locked=&#8221;off&#8221; global_colors_info=&#8221;{}&#8221;]<\/p>\n<h2>Resumen del SketchDom 2018<\/h2>\n<p>[\/et_pb_text][et_pb_video src=&#8221;https:\/\/www.youtube.com\/watch?v=fBkauHfJ3GY&#8221; _builder_version=&#8221;3.26.5&#8243; global_colors_info=&#8221;{}&#8221;][\/et_pb_video][\/et_pb_column][\/et_pb_row][\/et_pb_section]<\/p>\n","protected":false},"excerpt":{"rendered":"<p>Un evento de ilustradores para ilustradores con contenido para todo aquel que disfrute de apreciar el arte de los artistas dominicanos. Conoce cara a cara a las nuevas caras de la ilustraci\u00f3n dominicana. <\/p>","protected":false},"author":1,"featured_media":230,"parent":0,"menu_order":0,"comment_status":"closed","ping_status":"closed","template":"","meta":{"nf_dc_page":"","_et_pb_use_builder":"on","_et_pb_old_content":"","_et_gb_content_width":"","inline_featured_image":false,"footnotes":""},"class_list":["post-225","page","type-page","status-publish","has-post-thumbnail","hentry"],"yoast_head":"<!-- This site is optimized with the Yoast SEO plugin v27.4 - https:\/\/yoast.com\/product\/yoast-seo-wordpress\/ -->\n<title>No te puedes perder el SketchDom - Cultura C\u00f3mic RD<\/title>\n<meta name=\"description\" content=\"Evento creado por ilustradores con contenido para quienes disfrutan de apreciar el arte dominicano. Conoce a las nuevas caras de la ilustraci\u00f3n dominicana.\" \/>\n<meta name=\"robots\" content=\"index, follow, max-snippet:-1, max-image-preview:large, max-video-preview:-1\" \/>\n<link rel=\"canonical\" href=\"https:\/\/zpo.yqp.mybluehost.me\/comicdominicano\/sketchdom\/\" \/>\n<meta property=\"og:locale\" content=\"en_US\" \/>\n<meta property=\"og:type\" content=\"article\" \/>\n<meta property=\"og:title\" content=\"No te puedes perder el SketchDom - Cultura C\u00f3mic RD\" \/>\n<meta property=\"og:description\" content=\"Evento creado por ilustradores con contenido para quienes disfrutan de apreciar el arte dominicano. Conoce a las nuevas caras de la ilustraci\u00f3n dominicana.\" \/>\n<meta property=\"og:url\" content=\"https:\/\/zpo.yqp.mybluehost.me\/comicdominicano\/sketchdom\/\" \/>\n<meta property=\"og:site_name\" content=\"Cultura C\u00f3mic RD\" \/>\n<meta property=\"article:publisher\" content=\"https:\/\/www.facebook.com\/CulturaComicRD\/\" \/>\n<meta property=\"article:modified_time\" content=\"2021-09-28T02:17:03+00:00\" \/>\n<meta property=\"og:image\" content=\"https:\/\/zpo.yqp.mybluehost.me\/comicdominicano\/wp-content\/uploads\/2019\/07\/Sketchdom-Logo.png\" \/>\n\t<meta property=\"og:image:width\" content=\"1920\" \/>\n\t<meta property=\"og:image:height\" content=\"1080\" \/>\n\t<meta property=\"og:image:type\" content=\"image\/png\" \/>\n<meta name=\"twitter:card\" content=\"summary_large_image\" \/>\n<meta name=\"twitter:site\" content=\"@CulturaComic\" \/>\n<meta name=\"twitter:label1\" content=\"Est. reading time\" \/>\n\t<meta name=\"twitter:data1\" content=\"2 minutes\" \/>\n<script type=\"application\/ld+json\" class=\"yoast-schema-graph\">{\"@context\":\"https:\\\/\\\/schema.org\",\"@graph\":[{\"@type\":\"WebPage\",\"@id\":\"https:\\\/\\\/zpo.yqp.mybluehost.me\\\/comicdominicano\\\/sketchdom\\\/\",\"url\":\"https:\\\/\\\/zpo.yqp.mybluehost.me\\\/comicdominicano\\\/sketchdom\\\/\",\"name\":\"No te puedes perder el SketchDom - Cultura C\u00f3mic RD\",\"isPartOf\":{\"@id\":\"https:\\\/\\\/zpo.yqp.mybluehost.me\\\/comicdominicano\\\/en\\\/#website\"},\"primaryImageOfPage\":{\"@id\":\"https:\\\/\\\/zpo.yqp.mybluehost.me\\\/comicdominicano\\\/sketchdom\\\/#primaryimage\"},\"image\":{\"@id\":\"https:\\\/\\\/zpo.yqp.mybluehost.me\\\/comicdominicano\\\/sketchdom\\\/#primaryimage\"},\"thumbnailUrl\":\"https:\\\/\\\/comicdominicano.com\\\/wp-content\\\/uploads\\\/2019\\\/07\\\/Sketchdom-Logo.png\",\"datePublished\":\"2019-07-23T23:45:49+00:00\",\"dateModified\":\"2021-09-28T02:17:03+00:00\",\"description\":\"Evento creado por ilustradores con contenido para quienes disfrutan de apreciar el arte dominicano. Conoce a las nuevas caras de la ilustraci\u00f3n dominicana.\",\"breadcrumb\":{\"@id\":\"https:\\\/\\\/zpo.yqp.mybluehost.me\\\/comicdominicano\\\/sketchdom\\\/#breadcrumb\"},\"inLanguage\":\"en-US\",\"potentialAction\":[{\"@type\":\"ReadAction\",\"target\":[\"https:\\\/\\\/zpo.yqp.mybluehost.me\\\/comicdominicano\\\/sketchdom\\\/\"]}]},{\"@type\":\"ImageObject\",\"inLanguage\":\"en-US\",\"@id\":\"https:\\\/\\\/zpo.yqp.mybluehost.me\\\/comicdominicano\\\/sketchdom\\\/#primaryimage\",\"url\":\"https:\\\/\\\/comicdominicano.com\\\/wp-content\\\/uploads\\\/2019\\\/07\\\/Sketchdom-Logo.png\",\"contentUrl\":\"https:\\\/\\\/comicdominicano.com\\\/wp-content\\\/uploads\\\/2019\\\/07\\\/Sketchdom-Logo.png\",\"width\":1920,\"height\":1080,\"caption\":\"SketchDom 2019\"},{\"@type\":\"BreadcrumbList\",\"@id\":\"https:\\\/\\\/zpo.yqp.mybluehost.me\\\/comicdominicano\\\/sketchdom\\\/#breadcrumb\",\"itemListElement\":[{\"@type\":\"ListItem\",\"position\":1,\"name\":\"Home\",\"item\":\"https:\\\/\\\/comicdominicano.com\\\/\"},{\"@type\":\"ListItem\",\"position\":2,\"name\":\"SketchDom\"}]},{\"@type\":\"WebSite\",\"@id\":\"https:\\\/\\\/zpo.yqp.mybluehost.me\\\/comicdominicano\\\/en\\\/#website\",\"url\":\"https:\\\/\\\/zpo.yqp.mybluehost.me\\\/comicdominicano\\\/en\\\/\",\"name\":\"Cultura C\u00f3mic RD\",\"description\":\"Apoyando al C\u00f3mic Dominicano\",\"publisher\":{\"@id\":\"https:\\\/\\\/zpo.yqp.mybluehost.me\\\/comicdominicano\\\/en\\\/#organization\"},\"potentialAction\":[{\"@type\":\"SearchAction\",\"target\":{\"@type\":\"EntryPoint\",\"urlTemplate\":\"https:\\\/\\\/zpo.yqp.mybluehost.me\\\/comicdominicano\\\/en\\\/?s={search_term_string}\"},\"query-input\":{\"@type\":\"PropertyValueSpecification\",\"valueRequired\":true,\"valueName\":\"search_term_string\"}}],\"inLanguage\":\"en-US\"},{\"@type\":\"Organization\",\"@id\":\"https:\\\/\\\/zpo.yqp.mybluehost.me\\\/comicdominicano\\\/en\\\/#organization\",\"name\":\"Cultura C\u00f3mic RD\",\"url\":\"https:\\\/\\\/zpo.yqp.mybluehost.me\\\/comicdominicano\\\/en\\\/\",\"logo\":{\"@type\":\"ImageObject\",\"inLanguage\":\"en-US\",\"@id\":\"https:\\\/\\\/zpo.yqp.mybluehost.me\\\/comicdominicano\\\/en\\\/#\\\/schema\\\/logo\\\/image\\\/\",\"url\":\"https:\\\/\\\/comicdominicano.com\\\/wp-content\\\/uploads\\\/2019\\\/07\\\/CulturaComicLogo.png\",\"contentUrl\":\"https:\\\/\\\/comicdominicano.com\\\/wp-content\\\/uploads\\\/2019\\\/07\\\/CulturaComicLogo.png\",\"width\":2000,\"height\":2000,\"caption\":\"Cultura C\u00f3mic RD\"},\"image\":{\"@id\":\"https:\\\/\\\/zpo.yqp.mybluehost.me\\\/comicdominicano\\\/en\\\/#\\\/schema\\\/logo\\\/image\\\/\"},\"sameAs\":[\"https:\\\/\\\/www.facebook.com\\\/CulturaComicRD\\\/\",\"https:\\\/\\\/x.com\\\/CulturaComic\",\"https:\\\/\\\/www.instagram.com\\\/culturacomic\\\/\",\"https:\\\/\\\/www.linkedin.com\\\/company\\\/18631015\\\/\",\"https:\\\/\\\/www.youtube.com\\\/channel\\\/UCfrvHQiWywLR4w5v-g3ppjw\"]}]}<\/script>\n<!-- \/ Yoast SEO plugin. -->","yoast_head_json":{"title":"No te puedes perder el SketchDom - Cultura C\u00f3mic RD","description":"Evento creado por ilustradores con contenido para quienes disfrutan de apreciar el arte dominicano. Conoce a las nuevas caras de la ilustraci\u00f3n dominicana.","robots":{"index":"index","follow":"follow","max-snippet":"max-snippet:-1","max-image-preview":"max-image-preview:large","max-video-preview":"max-video-preview:-1"},"canonical":"https:\/\/zpo.yqp.mybluehost.me\/comicdominicano\/sketchdom\/","og_locale":"en_US","og_type":"article","og_title":"No te puedes perder el SketchDom - Cultura C\u00f3mic RD","og_description":"Evento creado por ilustradores con contenido para quienes disfrutan de apreciar el arte dominicano. Conoce a las nuevas caras de la ilustraci\u00f3n dominicana.","og_url":"https:\/\/zpo.yqp.mybluehost.me\/comicdominicano\/sketchdom\/","og_site_name":"Cultura C\u00f3mic RD","article_publisher":"https:\/\/www.facebook.com\/CulturaComicRD\/","article_modified_time":"2021-09-28T02:17:03+00:00","og_image":[{"width":1920,"height":1080,"url":"https:\/\/zpo.yqp.mybluehost.me\/comicdominicano\/wp-content\/uploads\/2019\/07\/Sketchdom-Logo.png","type":"image\/png"}],"twitter_card":"summary_large_image","twitter_site":"@CulturaComic","twitter_misc":{"Est. reading time":"2 minutes"},"schema":{"@context":"https:\/\/schema.org","@graph":[{"@type":"WebPage","@id":"https:\/\/zpo.yqp.mybluehost.me\/comicdominicano\/sketchdom\/","url":"https:\/\/zpo.yqp.mybluehost.me\/comicdominicano\/sketchdom\/","name":"No te puedes perder el SketchDom - Cultura C\u00f3mic RD","isPartOf":{"@id":"https:\/\/zpo.yqp.mybluehost.me\/comicdominicano\/en\/#website"},"primaryImageOfPage":{"@id":"https:\/\/zpo.yqp.mybluehost.me\/comicdominicano\/sketchdom\/#primaryimage"},"image":{"@id":"https:\/\/zpo.yqp.mybluehost.me\/comicdominicano\/sketchdom\/#primaryimage"},"thumbnailUrl":"https:\/\/comicdominicano.com\/wp-content\/uploads\/2019\/07\/Sketchdom-Logo.png","datePublished":"2019-07-23T23:45:49+00:00","dateModified":"2021-09-28T02:17:03+00:00","description":"Evento creado por ilustradores con contenido para quienes disfrutan de apreciar el arte dominicano. Conoce a las nuevas caras de la ilustraci\u00f3n dominicana.","breadcrumb":{"@id":"https:\/\/zpo.yqp.mybluehost.me\/comicdominicano\/sketchdom\/#breadcrumb"},"inLanguage":"en-US","potentialAction":[{"@type":"ReadAction","target":["https:\/\/zpo.yqp.mybluehost.me\/comicdominicano\/sketchdom\/"]}]},{"@type":"ImageObject","inLanguage":"en-US","@id":"https:\/\/zpo.yqp.mybluehost.me\/comicdominicano\/sketchdom\/#primaryimage","url":"https:\/\/comicdominicano.com\/wp-content\/uploads\/2019\/07\/Sketchdom-Logo.png","contentUrl":"https:\/\/comicdominicano.com\/wp-content\/uploads\/2019\/07\/Sketchdom-Logo.png","width":1920,"height":1080,"caption":"SketchDom 2019"},{"@type":"BreadcrumbList","@id":"https:\/\/zpo.yqp.mybluehost.me\/comicdominicano\/sketchdom\/#breadcrumb","itemListElement":[{"@type":"ListItem","position":1,"name":"Home","item":"https:\/\/comicdominicano.com\/"},{"@type":"ListItem","position":2,"name":"SketchDom"}]},{"@type":"WebSite","@id":"https:\/\/zpo.yqp.mybluehost.me\/comicdominicano\/en\/#website","url":"https:\/\/zpo.yqp.mybluehost.me\/comicdominicano\/en\/","name":"Cultura C\u00f3mic RD","description":"Apoyando al C\u00f3mic Dominicano","publisher":{"@id":"https:\/\/zpo.yqp.mybluehost.me\/comicdominicano\/en\/#organization"},"potentialAction":[{"@type":"SearchAction","target":{"@type":"EntryPoint","urlTemplate":"https:\/\/zpo.yqp.mybluehost.me\/comicdominicano\/en\/?s={search_term_string}"},"query-input":{"@type":"PropertyValueSpecification","valueRequired":true,"valueName":"search_term_string"}}],"inLanguage":"en-US"},{"@type":"Organization","@id":"https:\/\/zpo.yqp.mybluehost.me\/comicdominicano\/en\/#organization","name":"Cultura C\u00f3mic RD","url":"https:\/\/zpo.yqp.mybluehost.me\/comicdominicano\/en\/","logo":{"@type":"ImageObject","inLanguage":"en-US","@id":"https:\/\/zpo.yqp.mybluehost.me\/comicdominicano\/en\/#\/schema\/logo\/image\/","url":"https:\/\/comicdominicano.com\/wp-content\/uploads\/2019\/07\/CulturaComicLogo.png","contentUrl":"https:\/\/comicdominicano.com\/wp-content\/uploads\/2019\/07\/CulturaComicLogo.png","width":2000,"height":2000,"caption":"Cultura C\u00f3mic RD"},"image":{"@id":"https:\/\/zpo.yqp.mybluehost.me\/comicdominicano\/en\/#\/schema\/logo\/image\/"},"sameAs":["https:\/\/www.facebook.com\/CulturaComicRD\/","https:\/\/x.com\/CulturaComic","https:\/\/www.instagram.com\/culturacomic\/","https:\/\/www.linkedin.com\/company\/18631015\/","https:\/\/www.youtube.com\/channel\/UCfrvHQiWywLR4w5v-g3ppjw"]}]}},"_links":{"self":[{"href":"https:\/\/comicdominicano.com\/en\/wp-json\/wp\/v2\/pages\/225","targetHints":{"allow":["GET"]}}],"collection":[{"href":"https:\/\/comicdominicano.com\/en\/wp-json\/wp\/v2\/pages"}],"about":[{"href":"https:\/\/comicdominicano.com\/en\/wp-json\/wp\/v2\/types\/page"}],"author":[{"embeddable":true,"href":"https:\/\/comicdominicano.com\/en\/wp-json\/wp\/v2\/users\/1"}],"replies":[{"embeddable":true,"href":"https:\/\/comicdominicano.com\/en\/wp-json\/wp\/v2\/comments?post=225"}],"version-history":[{"count":3,"href":"https:\/\/comicdominicano.com\/en\/wp-json\/wp\/v2\/pages\/225\/revisions"}],"predecessor-version":[{"id":3002,"href":"https:\/\/comicdominicano.com\/en\/wp-json\/wp\/v2\/pages\/225\/revisions\/3002"}],"wp:featuredmedia":[{"embeddable":true,"href":"https:\/\/comicdominicano.com\/en\/wp-json\/wp\/v2\/media\/230"}],"wp:attachment":[{"href":"https:\/\/comicdominicano.com\/en\/wp-json\/wp\/v2\/media?parent=225"}],"curies":[{"name":"wp","href":"https:\/\/api.w.org\/{rel}","templated":true}]}}