{"id":1716,"date":"2020-01-05T20:23:30","date_gmt":"2020-01-05T20:23:30","guid":{"rendered":"https:\/\/comicdominicano.com\/comicdominicano-com-catalogo-comics-dominicanos\/"},"modified":"2020-11-29T16:55:28","modified_gmt":"2020-11-29T20:55:28","slug":"catalogo-comics-dominicanos","status":"publish","type":"page","link":"https:\/\/comicdominicano.com\/en\/catalogo-comics-dominicanos\/","title":{"rendered":"Dominican Comicbooks"},"content":{"rendered":"<p>[et_pb_section fb_built=&#8221;1&#8243; admin_label=&#8221;Hero&#8221; _builder_version=&#8221;4.3.2&#8243; background_enable_color=&#8221;off&#8221; background_image=&#8221;https:\/\/comicdominicano.com\/wp-content\/uploads\/2020\/07\/C\u00f3mics-Dominicanos-de-Autoras-Femeninas-Webtoon.jpg&#8221;][et_pb_row _builder_version=&#8221;3.25&#8243; background_size=&#8221;initial&#8221; background_position=&#8221;top_left&#8221; background_repeat=&#8221;repeat&#8221; custom_padding=&#8221;27px|0px|26px|0px|false|false&#8221; custom_css_main_element=&#8221;font-family: %22Open Sans Light%22;&#8221;][et_pb_column type=&#8221;4_4&#8243; _builder_version=&#8221;3.25&#8243; custom_padding=&#8221;|||&#8221; custom_padding__hover=&#8221;|||&#8221;][et_pb_text _builder_version=&#8221;3.27.4&#8243; text_font_size=&#8221;20px&#8221; text_line_height=&#8221;1.8em&#8221; header_font=&#8221;Oswald|300|||||||&#8221; header_font_size=&#8221;64px&#8221; header_line_height=&#8221;1.3em&#8221; header_2_font=&#8221;Century GOTHIC||||||||&#8221; header_2_font_size=&#8221;54px&#8221; header_3_font=&#8221;||||||||&#8221; header_4_font=&#8221;||||||||&#8221; header_5_font=&#8221;||||||||&#8221; header_6_font=&#8221;Lato|700||on|||||&#8221; header_6_text_color=&#8221;#ff6e77&#8243; header_6_line_height=&#8221;1.8em&#8221; background_color=&#8221;rgba(0,0,0,0.49)&#8221; max_width=&#8221;700px&#8221; custom_margin=&#8221;||||true&#8221; custom_padding=&#8221;20px|20px|20px|20px|false|false&#8221; custom_padding_phone=&#8221;|||&#8221; custom_padding_last_edited=&#8221;off|desktop&#8221; header_font_size_tablet=&#8221;&#8221; header_font_size_phone=&#8221;26px&#8221; header_font_size_last_edited=&#8221;on|phone&#8221; header_2_font_size_tablet=&#8221;&#8221; header_2_font_size_phone=&#8221;17px&#8221; header_2_font_size_last_edited=&#8221;on|phone&#8221; header_2_font_size__hover_enabled=&#8221;on&#8221;]<\/p>\n<h6><\/h6>\n<h2><span style=\"color: #ffffff; text-transform: uppercase;\">C\u00f3mics Dominicanos<\/span><\/h2>\n<p><span style=\"color: #ffffff;\">Descubre el universo de los c\u00f3mics dominicanos con historias que exploran la cultura criolla a trav\u00e9s\u00a0de la imaginaci\u00f3n de los <a href=\"https:\/\/comicdominicano.com\/artistas-del-comic-dominicano-su-lucha-por-triunfar\/\"><strong>j\u00f3venes\u00a0artistas locales<\/strong><\/a>.<\/span><span style=\"font-size: 20px;\">\u00a0<\/span><\/p>\n<p>[\/et_pb_text][\/et_pb_column][\/et_pb_row][\/et_pb_section][et_pb_section fb_built=&#8221;1&#8243; _builder_version=&#8221;4.3.2&#8243;][et_pb_row _builder_version=&#8221;4.5.7&#8243; _module_preset=&#8221;default&#8221;][et_pb_column type=&#8221;4_4&#8243; _builder_version=&#8221;4.5.7&#8243; _module_preset=&#8221;default&#8221;][et_pb_text _builder_version=&#8221;4.5.7&#8243; _module_preset=&#8221;default&#8221; header_2_text_align=&#8221;center&#8221; header_2_font_size=&#8221;58px&#8221;]<\/p>\n<h2>Artistas Secuenciales Destacados<\/h2>\n<p>[\/et_pb_text][\/et_pb_column][\/et_pb_row][et_pb_row column_structure=&#8221;1_2,1_2&#8243; _builder_version=&#8221;4.3.2&#8243;][et_pb_column type=&#8221;1_2&#8243; _builder_version=&#8221;4.3.2&#8243;][et_pb_image src=&#8221;https:\/\/comicdominicano.com\/wp-content\/uploads\/2020\/09\/Varennee_-WEB.jpg&#8221; alt=&#8221;Varennee_ y su c\u00f3mic &#8221;Mi Demonio y yo&#8221;.&#8221; title_text=&#8221;Varennee_ WEB&#8221; url=&#8221;https:\/\/www.webtoons.com\/es\/challenge\/mi-demonio-y-yo-\/list?title_no=503149&#8243; url_new_window=&#8221;on&#8221; _builder_version=&#8221;4.5.7&#8243; _module_preset=&#8221;default&#8221;][\/et_pb_image][et_pb_image src=&#8221;https:\/\/comicdominicano.com\/wp-content\/uploads\/2020\/08\/Web-Adrian-Fulcar.jpg&#8221; alt=&#8221;Adrian Fulcar, artista secuencial y amante de la cr\u00edtica social.&#8221; title_text=&#8221;Web Adrian Fulcar&#8221; url=&#8221;https:\/\/www.instagram.com\/plepladema\/?hl=es&#8221; url_new_window=&#8221;on&#8221; _builder_version=&#8221;4.5.7&#8243; _module_preset=&#8221;default&#8221;][\/et_pb_image][et_pb_image src=&#8221;https:\/\/comicdominicano.com\/wp-content\/uploads\/2020\/07\/Mystic-Edit.jpg&#8221; url=&#8221;https:\/\/www.webtoons.com\/es\/challenge\/la-sonrisa-de-belle\/frambroise\/viewer?title_no=483956&#038;episode_no=1&#8243; url_new_window=&#8221;on&#8221; _builder_version=&#8221;4.3.2&#8243;][\/et_pb_image][et_pb_image src=&#8221;https:\/\/comicdominicano.com\/wp-content\/uploads\/2020\/07\/C\u00f3mic-Pikazart-Webtoon-0-1.jpg&#8221; url=&#8221;https:\/\/www.webtoons.com\/en\/challenge\/i-can-see-you\/list?title_no=487606&#8243; url_new_window=&#8221;on&#8221; _builder_version=&#8221;4.3.2&#8243;][\/et_pb_image][\/et_pb_column][et_pb_column type=&#8221;1_2&#8243; _builder_version=&#8221;4.3.2&#8243;][et_pb_image src=&#8221;https:\/\/comicdominicano.com\/wp-content\/uploads\/2020\/08\/Mundo-Kairos-Web.jpg&#8221; url=&#8221;https:\/\/www.webtoons.com\/es\/search?searchMode=AUTHOR&#038;keyword=MKairos47&#8243; url_new_window=&#8221;on&#8221; _builder_version=&#8221;4.3.2&#8243;][\/et_pb_image][et_pb_image src=&#8221;https:\/\/comicdominicano.com\/wp-content\/uploads\/2020\/08\/La-Perra-de-Pavlov-Comic-un-proyecto-de-Johanna-Jimenez-donde-el-humor-y-la-cotidianidad-se-encuentran.\u2029.jpg&#8221; url=&#8221;https:\/\/www.instagram.com\/laperradepavlovcomic\/?hl=es&#8221; url_new_window=&#8221;on&#8221; _builder_version=&#8221;4.3.2&#8243;][\/et_pb_image][et_pb_image src=&#8221;https:\/\/comicdominicano.com\/wp-content\/uploads\/2020\/08\/Vithcy-Web-Mal-Parao-C\u00f3mic-Dominicano.jpg&#8221; url=&#8221;https:\/\/www.instagram.com\/p\/CChTN1xJVtG\/&#8221; url_new_window=&#8221;on&#8221; _builder_version=&#8221;4.3.2&#8243;][\/et_pb_image][\/et_pb_column][\/et_pb_row][\/et_pb_section][et_pb_section fb_built=&#8221;1&#8243; _builder_version=&#8221;4.3.2&#8243;][et_pb_row _builder_version=&#8221;4.5.7&#8243; _module_preset=&#8221;default&#8221;][et_pb_column type=&#8221;4_4&#8243; _builder_version=&#8221;4.5.7&#8243; _module_preset=&#8221;default&#8221;][et_pb_text _builder_version=&#8221;4.5.7&#8243; _module_preset=&#8221;default&#8221; header_2_text_align=&#8221;center&#8221; header_2_font_size=&#8221;58px&#8221;]<\/p>\n<h2>Blog<\/h2>\n<p>[\/et_pb_text][\/et_pb_column][\/et_pb_row][et_pb_row _builder_version=&#8221;4.3.2&#8243;][et_pb_column type=&#8221;4_4&#8243; _builder_version=&#8221;4.3.2&#8243;][et_pb_blog fullwidth=&#8221;off&#8221; posts_number=&#8221;3&#8243; include_categories=&#8221;all&#8221; _builder_version=&#8221;4.5.7&#8243;][\/et_pb_blog][\/et_pb_column][\/et_pb_row][et_pb_row _builder_version=&#8221;4.5.7&#8243; _module_preset=&#8221;default&#8221;][et_pb_column type=&#8221;4_4&#8243; _builder_version=&#8221;4.5.7&#8243; _module_preset=&#8221;default&#8221;][et_pb_text _builder_version=&#8221;4.5.7&#8243; _module_preset=&#8221;default&#8221; header_2_text_align=&#8221;center&#8221; header_2_font_size=&#8221;58px&#8221;]<\/p>\n<h2>Tienda<\/h2>\n<p>[\/et_pb_text][\/et_pb_column][\/et_pb_row][et_pb_row _builder_version=&#8221;4.5.7&#8243; _module_preset=&#8221;default&#8221;][et_pb_column type=&#8221;4_4&#8243; _builder_version=&#8221;4.5.7&#8243; _module_preset=&#8221;default&#8221;][et_pb_shop type=&#8221;latest&#8221; _builder_version=&#8221;4.5.7&#8243; _module_preset=&#8221;default&#8221;][\/et_pb_shop][\/et_pb_column][\/et_pb_row][\/et_pb_section]<\/p>\n","protected":false},"excerpt":{"rendered":"<p>C\u00f3mics Dominicanos Descubre el universo de los c\u00f3mics dominicanos con historias que exploran la cultura criolla a trav\u00e9s\u00a0de la imaginaci\u00f3n de los j\u00f3venes\u00a0artistas locales.\u00a0Artistas Secuenciales DestacadosBlogTienda<\/p>","protected":false},"author":1,"featured_media":0,"parent":0,"menu_order":0,"comment_status":"closed","ping_status":"closed","template":"","meta":{"nf_dc_page":"","_et_pb_use_builder":"on","_et_pb_old_content":"[epkb-knowledge-base id=1]","_et_gb_content_width":"","inline_featured_image":false,"footnotes":""},"class_list":["post-1716","page","type-page","status-publish","hentry"],"yoast_head":"<!-- This site is optimized with the Yoast SEO plugin v27.4 - https:\/\/yoast.com\/product\/yoast-seo-wordpress\/ -->\n<title>C\u00f3mics Dominicanos - Cultura C\u00f3mic RD<\/title>\n<meta name=\"description\" content=\"Bienvenido al cat\u00e1logo m\u00e1s completo de C\u00f3mics Dominicanos en internet. Si fue p\u00fablicado por un artista dominicano, aqu\u00ed lo encontrar\u00e1s.\" \/>\n<meta name=\"robots\" content=\"index, follow, max-snippet:-1, max-image-preview:large, max-video-preview:-1\" \/>\n<link rel=\"canonical\" href=\"https:\/\/zpo.yqp.mybluehost.me\/comicdominicano\/en\/catalogo-comics-dominicanos\/\" \/>\n<meta property=\"og:locale\" content=\"en_US\" \/>\n<meta property=\"og:type\" content=\"article\" \/>\n<meta property=\"og:title\" content=\"C\u00f3mics Dominicanos - Cultura C\u00f3mic RD\" \/>\n<meta property=\"og:description\" content=\"Bienvenido al cat\u00e1logo m\u00e1s completo de C\u00f3mics Dominicanos en internet. Si fue p\u00fablicado por un artista dominicano, aqu\u00ed lo encontrar\u00e1s.\" \/>\n<meta property=\"og:url\" content=\"https:\/\/zpo.yqp.mybluehost.me\/comicdominicano\/en\/catalogo-comics-dominicanos\/\" \/>\n<meta property=\"og:site_name\" content=\"Cultura C\u00f3mic RD\" \/>\n<meta property=\"article:publisher\" content=\"https:\/\/www.facebook.com\/CulturaComicRD\/\" \/>\n<meta property=\"article:modified_time\" content=\"2020-11-29T20:55:28+00:00\" \/>\n<meta name=\"twitter:card\" content=\"summary_large_image\" \/>\n<meta name=\"twitter:site\" content=\"@CulturaComic\" \/>\n<meta name=\"twitter:label1\" content=\"Est. reading time\" \/>\n\t<meta name=\"twitter:data1\" content=\"4 minutes\" \/>\n<script type=\"application\/ld+json\" class=\"yoast-schema-graph\">{\"@context\":\"https:\\\/\\\/schema.org\",\"@graph\":[{\"@type\":\"WebPage\",\"@id\":\"https:\\\/\\\/zpo.yqp.mybluehost.me\\\/comicdominicano\\\/en\\\/catalogo-comics-dominicanos\\\/\",\"url\":\"https:\\\/\\\/zpo.yqp.mybluehost.me\\\/comicdominicano\\\/en\\\/catalogo-comics-dominicanos\\\/\",\"name\":\"C\u00f3mics Dominicanos - Cultura C\u00f3mic RD\",\"isPartOf\":{\"@id\":\"https:\\\/\\\/zpo.yqp.mybluehost.me\\\/comicdominicano\\\/en\\\/#website\"},\"datePublished\":\"2020-01-05T20:23:30+00:00\",\"dateModified\":\"2020-11-29T20:55:28+00:00\",\"description\":\"Bienvenido al cat\u00e1logo m\u00e1s completo de C\u00f3mics Dominicanos en internet. Si fue p\u00fablicado por un artista dominicano, aqu\u00ed lo encontrar\u00e1s.\",\"breadcrumb\":{\"@id\":\"https:\\\/\\\/zpo.yqp.mybluehost.me\\\/comicdominicano\\\/en\\\/catalogo-comics-dominicanos\\\/#breadcrumb\"},\"inLanguage\":\"en-US\",\"potentialAction\":[{\"@type\":\"ReadAction\",\"target\":[\"https:\\\/\\\/zpo.yqp.mybluehost.me\\\/comicdominicano\\\/en\\\/catalogo-comics-dominicanos\\\/\"]}]},{\"@type\":\"BreadcrumbList\",\"@id\":\"https:\\\/\\\/zpo.yqp.mybluehost.me\\\/comicdominicano\\\/en\\\/catalogo-comics-dominicanos\\\/#breadcrumb\",\"itemListElement\":[{\"@type\":\"ListItem\",\"position\":1,\"name\":\"Home\",\"item\":\"https:\\\/\\\/comicdominicano.com\\\/\"},{\"@type\":\"ListItem\",\"position\":2,\"name\":\"C\u00f3mics Dominicanos\"}]},{\"@type\":\"WebSite\",\"@id\":\"https:\\\/\\\/zpo.yqp.mybluehost.me\\\/comicdominicano\\\/en\\\/#website\",\"url\":\"https:\\\/\\\/zpo.yqp.mybluehost.me\\\/comicdominicano\\\/en\\\/\",\"name\":\"Cultura C\u00f3mic RD\",\"description\":\"Apoyando al C\u00f3mic Dominicano\",\"publisher\":{\"@id\":\"https:\\\/\\\/zpo.yqp.mybluehost.me\\\/comicdominicano\\\/en\\\/#organization\"},\"potentialAction\":[{\"@type\":\"SearchAction\",\"target\":{\"@type\":\"EntryPoint\",\"urlTemplate\":\"https:\\\/\\\/zpo.yqp.mybluehost.me\\\/comicdominicano\\\/en\\\/?s={search_term_string}\"},\"query-input\":{\"@type\":\"PropertyValueSpecification\",\"valueRequired\":true,\"valueName\":\"search_term_string\"}}],\"inLanguage\":\"en-US\"},{\"@type\":\"Organization\",\"@id\":\"https:\\\/\\\/zpo.yqp.mybluehost.me\\\/comicdominicano\\\/en\\\/#organization\",\"name\":\"Cultura C\u00f3mic RD\",\"url\":\"https:\\\/\\\/zpo.yqp.mybluehost.me\\\/comicdominicano\\\/en\\\/\",\"logo\":{\"@type\":\"ImageObject\",\"inLanguage\":\"en-US\",\"@id\":\"https:\\\/\\\/zpo.yqp.mybluehost.me\\\/comicdominicano\\\/en\\\/#\\\/schema\\\/logo\\\/image\\\/\",\"url\":\"https:\\\/\\\/comicdominicano.com\\\/wp-content\\\/uploads\\\/2019\\\/07\\\/CulturaComicLogo.png\",\"contentUrl\":\"https:\\\/\\\/comicdominicano.com\\\/wp-content\\\/uploads\\\/2019\\\/07\\\/CulturaComicLogo.png\",\"width\":2000,\"height\":2000,\"caption\":\"Cultura C\u00f3mic RD\"},\"image\":{\"@id\":\"https:\\\/\\\/zpo.yqp.mybluehost.me\\\/comicdominicano\\\/en\\\/#\\\/schema\\\/logo\\\/image\\\/\"},\"sameAs\":[\"https:\\\/\\\/www.facebook.com\\\/CulturaComicRD\\\/\",\"https:\\\/\\\/x.com\\\/CulturaComic\",\"https:\\\/\\\/www.instagram.com\\\/culturacomic\\\/\",\"https:\\\/\\\/www.linkedin.com\\\/company\\\/18631015\\\/\",\"https:\\\/\\\/www.youtube.com\\\/channel\\\/UCfrvHQiWywLR4w5v-g3ppjw\"]}]}<\/script>\n<!-- \/ Yoast SEO plugin. -->","yoast_head_json":{"title":"C\u00f3mics Dominicanos - Cultura C\u00f3mic RD","description":"Bienvenido al cat\u00e1logo m\u00e1s completo de C\u00f3mics Dominicanos en internet. Si fue p\u00fablicado por un artista dominicano, aqu\u00ed lo encontrar\u00e1s.","robots":{"index":"index","follow":"follow","max-snippet":"max-snippet:-1","max-image-preview":"max-image-preview:large","max-video-preview":"max-video-preview:-1"},"canonical":"https:\/\/zpo.yqp.mybluehost.me\/comicdominicano\/en\/catalogo-comics-dominicanos\/","og_locale":"en_US","og_type":"article","og_title":"C\u00f3mics Dominicanos - Cultura C\u00f3mic RD","og_description":"Bienvenido al cat\u00e1logo m\u00e1s completo de C\u00f3mics Dominicanos en internet. Si fue p\u00fablicado por un artista dominicano, aqu\u00ed lo encontrar\u00e1s.","og_url":"https:\/\/zpo.yqp.mybluehost.me\/comicdominicano\/en\/catalogo-comics-dominicanos\/","og_site_name":"Cultura C\u00f3mic RD","article_publisher":"https:\/\/www.facebook.com\/CulturaComicRD\/","article_modified_time":"2020-11-29T20:55:28+00:00","twitter_card":"summary_large_image","twitter_site":"@CulturaComic","twitter_misc":{"Est. reading time":"4 minutes"},"schema":{"@context":"https:\/\/schema.org","@graph":[{"@type":"WebPage","@id":"https:\/\/zpo.yqp.mybluehost.me\/comicdominicano\/en\/catalogo-comics-dominicanos\/","url":"https:\/\/zpo.yqp.mybluehost.me\/comicdominicano\/en\/catalogo-comics-dominicanos\/","name":"C\u00f3mics Dominicanos - Cultura C\u00f3mic RD","isPartOf":{"@id":"https:\/\/zpo.yqp.mybluehost.me\/comicdominicano\/en\/#website"},"datePublished":"2020-01-05T20:23:30+00:00","dateModified":"2020-11-29T20:55:28+00:00","description":"Bienvenido al cat\u00e1logo m\u00e1s completo de C\u00f3mics Dominicanos en internet. Si fue p\u00fablicado por un artista dominicano, aqu\u00ed lo encontrar\u00e1s.","breadcrumb":{"@id":"https:\/\/zpo.yqp.mybluehost.me\/comicdominicano\/en\/catalogo-comics-dominicanos\/#breadcrumb"},"inLanguage":"en-US","potentialAction":[{"@type":"ReadAction","target":["https:\/\/zpo.yqp.mybluehost.me\/comicdominicano\/en\/catalogo-comics-dominicanos\/"]}]},{"@type":"BreadcrumbList","@id":"https:\/\/zpo.yqp.mybluehost.me\/comicdominicano\/en\/catalogo-comics-dominicanos\/#breadcrumb","itemListElement":[{"@type":"ListItem","position":1,"name":"Home","item":"https:\/\/comicdominicano.com\/"},{"@type":"ListItem","position":2,"name":"C\u00f3mics Dominicanos"}]},{"@type":"WebSite","@id":"https:\/\/zpo.yqp.mybluehost.me\/comicdominicano\/en\/#website","url":"https:\/\/zpo.yqp.mybluehost.me\/comicdominicano\/en\/","name":"Cultura C\u00f3mic RD","description":"Apoyando al C\u00f3mic Dominicano","publisher":{"@id":"https:\/\/zpo.yqp.mybluehost.me\/comicdominicano\/en\/#organization"},"potentialAction":[{"@type":"SearchAction","target":{"@type":"EntryPoint","urlTemplate":"https:\/\/zpo.yqp.mybluehost.me\/comicdominicano\/en\/?s={search_term_string}"},"query-input":{"@type":"PropertyValueSpecification","valueRequired":true,"valueName":"search_term_string"}}],"inLanguage":"en-US"},{"@type":"Organization","@id":"https:\/\/zpo.yqp.mybluehost.me\/comicdominicano\/en\/#organization","name":"Cultura C\u00f3mic RD","url":"https:\/\/zpo.yqp.mybluehost.me\/comicdominicano\/en\/","logo":{"@type":"ImageObject","inLanguage":"en-US","@id":"https:\/\/zpo.yqp.mybluehost.me\/comicdominicano\/en\/#\/schema\/logo\/image\/","url":"https:\/\/comicdominicano.com\/wp-content\/uploads\/2019\/07\/CulturaComicLogo.png","contentUrl":"https:\/\/comicdominicano.com\/wp-content\/uploads\/2019\/07\/CulturaComicLogo.png","width":2000,"height":2000,"caption":"Cultura C\u00f3mic RD"},"image":{"@id":"https:\/\/zpo.yqp.mybluehost.me\/comicdominicano\/en\/#\/schema\/logo\/image\/"},"sameAs":["https:\/\/www.facebook.com\/CulturaComicRD\/","https:\/\/x.com\/CulturaComic","https:\/\/www.instagram.com\/culturacomic\/","https:\/\/www.linkedin.com\/company\/18631015\/","https:\/\/www.youtube.com\/channel\/UCfrvHQiWywLR4w5v-g3ppjw"]}]}},"_links":{"self":[{"href":"https:\/\/comicdominicano.com\/en\/wp-json\/wp\/v2\/pages\/1716","targetHints":{"allow":["GET"]}}],"collection":[{"href":"https:\/\/comicdominicano.com\/en\/wp-json\/wp\/v2\/pages"}],"about":[{"href":"https:\/\/comicdominicano.com\/en\/wp-json\/wp\/v2\/types\/page"}],"author":[{"embeddable":true,"href":"https:\/\/comicdominicano.com\/en\/wp-json\/wp\/v2\/users\/1"}],"replies":[{"embeddable":true,"href":"https:\/\/comicdominicano.com\/en\/wp-json\/wp\/v2\/comments?post=1716"}],"version-history":[{"count":0,"href":"https:\/\/comicdominicano.com\/en\/wp-json\/wp\/v2\/pages\/1716\/revisions"}],"wp:attachment":[{"href":"https:\/\/comicdominicano.com\/en\/wp-json\/wp\/v2\/media?parent=1716"}],"curies":[{"name":"wp","href":"https:\/\/api.w.org\/{rel}","templated":true}]}}