{"id":116,"date":"2019-07-23T11:23:28","date_gmt":"2019-07-23T11:23:28","guid":{"rendered":"https:\/\/comicdominicano.com\/?page_id=116"},"modified":"2020-03-29T15:36:16","modified_gmt":"2020-03-29T19:36:16","slug":"blog-heroico-comic-dominicano","status":"publish","type":"page","link":"https:\/\/comicdominicano.com\/en\/blog-heroico-comic-dominicano\/","title":{"rendered":"Blog"},"content":{"rendered":"<p>[et_pb_section fb_built=&#8221;1&#8243; custom_padding_last_edited=&#8221;on|desktop&#8221; admin_label=&#8221;Header&#8221; _builder_version=&#8221;4.0.4&#8243; background_enable_color=&#8221;off&#8221; background_image=&#8221;https:\/\/comicdominicano.com\/wp-content\/uploads\/2019\/07\/Tributo-al-C\u00f3mic-Dominicano.jpg&#8221; parallax=&#8221;on&#8221; custom_padding=&#8221;|||||&#8221; custom_padding_tablet=&#8221;0px||5vw&#8221; custom_padding_phone=&#8221;&#8221; box_shadow_vertical_tablet=&#8221;&#8221; box_shadow_vertical_phone=&#8221;&#8221; box_shadow_vertical_last_edited=&#8221;on|tablet&#8221; locked=&#8221;off&#8221;][et_pb_row _builder_version=&#8221;3.25&#8243; module_alignment=&#8221;center&#8221;][et_pb_column type=&#8221;4_4&#8243; _builder_version=&#8221;3.25&#8243; custom_padding=&#8221;|||&#8221; custom_padding__hover=&#8221;|||&#8221;][et_pb_text _builder_version=&#8221;4.0.4&#8243; text_font_size=&#8221;22px&#8221; text_line_height=&#8221;1.8em&#8221; header_font=&#8221;PT Serif|700|||||||&#8221; header_font_size=&#8221;80px&#8221; header_line_height=&#8221;1.2em&#8221; header_2_font=&#8221;Century GOTHIC||||||||&#8221; header_2_font_size=&#8221;91px&#8221; background_enable_image=&#8221;off&#8221; background_layout=&#8221;dark&#8221; text_font_size_tablet=&#8221;&#8221; text_font_size_phone=&#8221;18px&#8221; text_font_size_last_edited=&#8221;on|phone&#8221; header_font_size_tablet=&#8221;60px&#8221; header_font_size_phone=&#8221;36px&#8221; header_font_size_last_edited=&#8221;on|phone&#8221; header_2_text_color_tablet=&#8221;&#8221; header_2_text_color_phone=&#8221;&#8221; header_2_text_color_last_edited=&#8221;on|phone&#8221; header_2_font_size_tablet=&#8221;&#8221; header_2_font_size_phone=&#8221;46px&#8221; header_2_font_size_last_edited=&#8221;on|phone&#8221; text_text_shadow_style=&#8221;preset4&#8243; header_2_font_size__hover_enabled=&#8221;off&#8221;]<\/p>\n<h2>Blog Her\u00f3ico<\/h2>\n<h2><\/h2>\n<p>[\/et_pb_text][et_pb_divider color=&#8221;#ffffff&#8221; divider_weight=&#8221;5px&#8221; _builder_version=&#8221;3.23.3&#8243; max_width=&#8221;100px&#8221; locked=&#8221;off&#8221;][\/et_pb_divider][\/et_pb_column][\/et_pb_row][et_pb_row _builder_version=&#8221;3.25&#8243; custom_padding=&#8221;|||||&#8221;][et_pb_column type=&#8221;4_4&#8243; _builder_version=&#8221;3.25&#8243; custom_padding=&#8221;|||&#8221; custom_padding__hover=&#8221;|||&#8221;][et_pb_blog posts_number=&#8221;1&#8243; show_author=&#8221;off&#8221; show_date=&#8221;off&#8221; show_pagination=&#8221;off&#8221; _builder_version=&#8221;3.24&#8243; header_font=&#8221;Lato|700|||||||&#8221; header_font_size=&#8221;16px&#8221; header_line_height=&#8221;1.6em&#8221; body_font=&#8221;Lato||||||||&#8221; body_font_size=&#8221;16px&#8221; body_line_height=&#8221;1.8em&#8221; meta_font=&#8221;Lato|700||on|||||&#8221; meta_text_color=&#8221;rgba(145,145,145,0.55)&#8221; meta_font_size=&#8221;12px&#8221; meta_letter_spacing=&#8221;1px&#8221; meta_line_height=&#8221;1.8em&#8221; body_link_font=&#8221;||||||||&#8221; body_ul_font=&#8221;||||||||&#8221; background_color=&#8221;#ffffff&#8221; text_orientation=&#8221;center&#8221; custom_margin=&#8221;||-300px|||&#8221; custom_padding=&#8221;40px|40px|1px|40px|false|true&#8221; custom_padding_tablet=&#8221;20px|20px|1px|20px|false|true&#8221; custom_padding_phone=&#8221;20px|20px|20px|20px|true|true&#8221; custom_padding_last_edited=&#8221;on|desktop&#8221; text_orientation_tablet=&#8221;left&#8221; text_orientation_phone=&#8221;&#8221; text_orientation_last_edited=&#8221;on|desktop&#8221; box_shadow_style=&#8221;preset3&#8243; box_shadow_vertical=&#8221;25px&#8221; box_shadow_blur=&#8221;85px&#8221; box_shadow_spread=&#8221;-30px&#8221;][\/et_pb_blog][\/et_pb_column][\/et_pb_row][\/et_pb_section][et_pb_section fb_built=&#8221;1&#8243; custom_padding_last_edited=&#8221;off|desktop&#8221; admin_label=&#8221;Blog&#8221; _builder_version=&#8221;3.26.3&#8243; custom_padding=&#8221;260px|||||&#8221; custom_padding_phone=&#8221;0px||&#8221;][et_pb_row disabled_on=&#8221;off|off|off&#8221; _builder_version=&#8221;4.3.2&#8243; hover_enabled=&#8221;0&#8243;][et_pb_column type=&#8221;4_4&#8243; _builder_version=&#8221;3.25&#8243; custom_padding=&#8221;|||&#8221; custom_padding__hover=&#8221;|||&#8221;][et_pb_blog fullwidth=&#8221;off&#8221; posts_number=&#8221;50&#8243; excerpt_length=&#8221;140&#8243; show_author=&#8221;off&#8221; show_date=&#8221;off&#8221; _builder_version=&#8221;4.0.4&#8243; header_font=&#8221;Lato|700|||||||&#8221; header_font_size=&#8221;16px&#8221; header_line_height=&#8221;1.6em&#8221; meta_font=&#8221;Lato|700||on|||||&#8221; meta_text_color=&#8221;rgba(145,145,145,0.55)&#8221; meta_font_size=&#8221;12px&#8221; meta_letter_spacing=&#8221;1px&#8221; meta_line_height=&#8221;1.8em&#8221; pagination_font=&#8221;PT Serif|700|||||||&#8221; pagination_text_color=&#8221;#ff3314&#8243; pagination_font_size=&#8221;16px&#8221; background_color=&#8221;#ffffff&#8221; border_width_all=&#8221;0px&#8221; box_shadow_style=&#8221;preset3&#8243; box_shadow_vertical=&#8221;25px&#8221; box_shadow_blur=&#8221;85px&#8221; box_shadow_spread=&#8221;-30px&#8221;][\/et_pb_blog][\/et_pb_column][\/et_pb_row][\/et_pb_section]<\/p>\n","protected":false},"excerpt":{"rendered":"<p>Es por medio de grandes c\u00f3mics que hemos desarrollado nuestro amor por el arte secuencial, a su vez, nuestras experiencias nos impulsan a compartir por medio de art\u00edculos escritos lo que hemos vivido con el objetivo de hacer crecer la comunidad de esntusiastas del c\u00f3mic dominicano e internacional. <\/p>","protected":false},"author":1,"featured_media":71,"parent":0,"menu_order":0,"comment_status":"closed","ping_status":"closed","template":"","meta":{"nf_dc_page":"","_et_pb_use_builder":"on","_et_pb_old_content":"","_et_gb_content_width":"","inline_featured_image":false,"footnotes":""},"class_list":["post-116","page","type-page","status-publish","has-post-thumbnail","hentry"],"yoast_head":"<!-- This site is optimized with the Yoast SEO plugin v27.4 - https:\/\/yoast.com\/product\/yoast-seo-wordpress\/ -->\n<title>Blog Her\u00f3ico del C\u00f3mic Dominicano - Cultura C\u00f3mic RD<\/title>\n<meta name=\"description\" content=\"Bienvenido al blog del c\u00f3mic dominicano. Aqu\u00ed es donde compartimos lo vivido por la comunidad de artistas y entusiastas del C\u00f3mic en Rep\u00fablica Dominicana.\" \/>\n<meta name=\"robots\" content=\"index, follow, max-snippet:-1, max-image-preview:large, max-video-preview:-1\" \/>\n<link rel=\"canonical\" href=\"https:\/\/zpo.yqp.mybluehost.me\/comicdominicano\/blog-heroico-comic-dominicano\/\" \/>\n<meta property=\"og:locale\" content=\"en_US\" \/>\n<meta property=\"og:type\" content=\"article\" \/>\n<meta property=\"og:title\" content=\"Blog Her\u00f3ico del C\u00f3mic Dominicano - Cultura C\u00f3mic RD\" \/>\n<meta property=\"og:description\" content=\"Bienvenido al blog del c\u00f3mic dominicano. Aqu\u00ed es donde compartimos lo vivido por la comunidad de artistas y entusiastas del C\u00f3mic en Rep\u00fablica Dominicana.\" \/>\n<meta property=\"og:url\" content=\"https:\/\/zpo.yqp.mybluehost.me\/comicdominicano\/blog-heroico-comic-dominicano\/\" \/>\n<meta property=\"og:site_name\" content=\"Cultura C\u00f3mic RD\" \/>\n<meta property=\"article:publisher\" content=\"https:\/\/www.facebook.com\/CulturaComicRD\/\" \/>\n<meta property=\"article:modified_time\" content=\"2020-03-29T19:36:16+00:00\" \/>\n<meta property=\"og:image\" content=\"https:\/\/zpo.yqp.mybluehost.me\/comicdominicano\/wp-content\/uploads\/2019\/07\/Superman-Kingdom-Come.jpg\" \/>\n\t<meta property=\"og:image:width\" content=\"1920\" \/>\n\t<meta property=\"og:image:height\" content=\"1333\" \/>\n\t<meta property=\"og:image:type\" content=\"image\/jpeg\" \/>\n<meta name=\"twitter:card\" content=\"summary_large_image\" \/>\n<meta name=\"twitter:site\" content=\"@CulturaComic\" \/>\n<meta name=\"twitter:label1\" content=\"Est. reading time\" \/>\n\t<meta name=\"twitter:data1\" content=\"3 minutes\" \/>\n<script type=\"application\/ld+json\" class=\"yoast-schema-graph\">{\"@context\":\"https:\\\/\\\/schema.org\",\"@graph\":[{\"@type\":\"WebPage\",\"@id\":\"https:\\\/\\\/zpo.yqp.mybluehost.me\\\/comicdominicano\\\/blog-heroico-comic-dominicano\\\/\",\"url\":\"https:\\\/\\\/zpo.yqp.mybluehost.me\\\/comicdominicano\\\/blog-heroico-comic-dominicano\\\/\",\"name\":\"Blog Her\u00f3ico del C\u00f3mic Dominicano - Cultura C\u00f3mic RD\",\"isPartOf\":{\"@id\":\"https:\\\/\\\/zpo.yqp.mybluehost.me\\\/comicdominicano\\\/en\\\/#website\"},\"primaryImageOfPage\":{\"@id\":\"https:\\\/\\\/zpo.yqp.mybluehost.me\\\/comicdominicano\\\/blog-heroico-comic-dominicano\\\/#primaryimage\"},\"image\":{\"@id\":\"https:\\\/\\\/zpo.yqp.mybluehost.me\\\/comicdominicano\\\/blog-heroico-comic-dominicano\\\/#primaryimage\"},\"thumbnailUrl\":\"https:\\\/\\\/comicdominicano.com\\\/wp-content\\\/uploads\\\/2019\\\/07\\\/Superman-Kingdom-Come.jpg\",\"datePublished\":\"2019-07-23T11:23:28+00:00\",\"dateModified\":\"2020-03-29T19:36:16+00:00\",\"description\":\"Bienvenido al blog del c\u00f3mic dominicano. Aqu\u00ed es donde compartimos lo vivido por la comunidad de artistas y entusiastas del C\u00f3mic en Rep\u00fablica Dominicana.\",\"breadcrumb\":{\"@id\":\"https:\\\/\\\/zpo.yqp.mybluehost.me\\\/comicdominicano\\\/blog-heroico-comic-dominicano\\\/#breadcrumb\"},\"inLanguage\":\"en-US\",\"potentialAction\":[{\"@type\":\"ReadAction\",\"target\":[\"https:\\\/\\\/zpo.yqp.mybluehost.me\\\/comicdominicano\\\/blog-heroico-comic-dominicano\\\/\"]}]},{\"@type\":\"ImageObject\",\"inLanguage\":\"en-US\",\"@id\":\"https:\\\/\\\/zpo.yqp.mybluehost.me\\\/comicdominicano\\\/blog-heroico-comic-dominicano\\\/#primaryimage\",\"url\":\"https:\\\/\\\/comicdominicano.com\\\/wp-content\\\/uploads\\\/2019\\\/07\\\/Superman-Kingdom-Come.jpg\",\"contentUrl\":\"https:\\\/\\\/comicdominicano.com\\\/wp-content\\\/uploads\\\/2019\\\/07\\\/Superman-Kingdom-Come.jpg\",\"width\":1920,\"height\":1333,\"caption\":\"Superman Cultura C\u00f3mic RD\"},{\"@type\":\"BreadcrumbList\",\"@id\":\"https:\\\/\\\/zpo.yqp.mybluehost.me\\\/comicdominicano\\\/blog-heroico-comic-dominicano\\\/#breadcrumb\",\"itemListElement\":[{\"@type\":\"ListItem\",\"position\":1,\"name\":\"Home\",\"item\":\"https:\\\/\\\/comicdominicano.com\\\/\"},{\"@type\":\"ListItem\",\"position\":2,\"name\":\"Blog Her\u00f3ico\"}]},{\"@type\":\"WebSite\",\"@id\":\"https:\\\/\\\/zpo.yqp.mybluehost.me\\\/comicdominicano\\\/en\\\/#website\",\"url\":\"https:\\\/\\\/zpo.yqp.mybluehost.me\\\/comicdominicano\\\/en\\\/\",\"name\":\"Cultura C\u00f3mic RD\",\"description\":\"Apoyando al C\u00f3mic Dominicano\",\"publisher\":{\"@id\":\"https:\\\/\\\/zpo.yqp.mybluehost.me\\\/comicdominicano\\\/en\\\/#organization\"},\"potentialAction\":[{\"@type\":\"SearchAction\",\"target\":{\"@type\":\"EntryPoint\",\"urlTemplate\":\"https:\\\/\\\/zpo.yqp.mybluehost.me\\\/comicdominicano\\\/en\\\/?s={search_term_string}\"},\"query-input\":{\"@type\":\"PropertyValueSpecification\",\"valueRequired\":true,\"valueName\":\"search_term_string\"}}],\"inLanguage\":\"en-US\"},{\"@type\":\"Organization\",\"@id\":\"https:\\\/\\\/zpo.yqp.mybluehost.me\\\/comicdominicano\\\/en\\\/#organization\",\"name\":\"Cultura C\u00f3mic RD\",\"url\":\"https:\\\/\\\/zpo.yqp.mybluehost.me\\\/comicdominicano\\\/en\\\/\",\"logo\":{\"@type\":\"ImageObject\",\"inLanguage\":\"en-US\",\"@id\":\"https:\\\/\\\/zpo.yqp.mybluehost.me\\\/comicdominicano\\\/en\\\/#\\\/schema\\\/logo\\\/image\\\/\",\"url\":\"https:\\\/\\\/comicdominicano.com\\\/wp-content\\\/uploads\\\/2019\\\/07\\\/CulturaComicLogo.png\",\"contentUrl\":\"https:\\\/\\\/comicdominicano.com\\\/wp-content\\\/uploads\\\/2019\\\/07\\\/CulturaComicLogo.png\",\"width\":2000,\"height\":2000,\"caption\":\"Cultura C\u00f3mic RD\"},\"image\":{\"@id\":\"https:\\\/\\\/zpo.yqp.mybluehost.me\\\/comicdominicano\\\/en\\\/#\\\/schema\\\/logo\\\/image\\\/\"},\"sameAs\":[\"https:\\\/\\\/www.facebook.com\\\/CulturaComicRD\\\/\",\"https:\\\/\\\/x.com\\\/CulturaComic\",\"https:\\\/\\\/www.instagram.com\\\/culturacomic\\\/\",\"https:\\\/\\\/www.linkedin.com\\\/company\\\/18631015\\\/\",\"https:\\\/\\\/www.youtube.com\\\/channel\\\/UCfrvHQiWywLR4w5v-g3ppjw\"]}]}<\/script>\n<!-- \/ Yoast SEO plugin. -->","yoast_head_json":{"title":"Blog Her\u00f3ico del C\u00f3mic Dominicano - Cultura C\u00f3mic RD","description":"Bienvenido al blog del c\u00f3mic dominicano. Aqu\u00ed es donde compartimos lo vivido por la comunidad de artistas y entusiastas del C\u00f3mic en Rep\u00fablica Dominicana.","robots":{"index":"index","follow":"follow","max-snippet":"max-snippet:-1","max-image-preview":"max-image-preview:large","max-video-preview":"max-video-preview:-1"},"canonical":"https:\/\/zpo.yqp.mybluehost.me\/comicdominicano\/blog-heroico-comic-dominicano\/","og_locale":"en_US","og_type":"article","og_title":"Blog Her\u00f3ico del C\u00f3mic Dominicano - Cultura C\u00f3mic RD","og_description":"Bienvenido al blog del c\u00f3mic dominicano. Aqu\u00ed es donde compartimos lo vivido por la comunidad de artistas y entusiastas del C\u00f3mic en Rep\u00fablica Dominicana.","og_url":"https:\/\/zpo.yqp.mybluehost.me\/comicdominicano\/blog-heroico-comic-dominicano\/","og_site_name":"Cultura C\u00f3mic RD","article_publisher":"https:\/\/www.facebook.com\/CulturaComicRD\/","article_modified_time":"2020-03-29T19:36:16+00:00","og_image":[{"width":1920,"height":1333,"url":"https:\/\/zpo.yqp.mybluehost.me\/comicdominicano\/wp-content\/uploads\/2019\/07\/Superman-Kingdom-Come.jpg","type":"image\/jpeg"}],"twitter_card":"summary_large_image","twitter_site":"@CulturaComic","twitter_misc":{"Est. reading time":"3 minutes"},"schema":{"@context":"https:\/\/schema.org","@graph":[{"@type":"WebPage","@id":"https:\/\/zpo.yqp.mybluehost.me\/comicdominicano\/blog-heroico-comic-dominicano\/","url":"https:\/\/zpo.yqp.mybluehost.me\/comicdominicano\/blog-heroico-comic-dominicano\/","name":"Blog Her\u00f3ico del C\u00f3mic Dominicano - Cultura C\u00f3mic RD","isPartOf":{"@id":"https:\/\/zpo.yqp.mybluehost.me\/comicdominicano\/en\/#website"},"primaryImageOfPage":{"@id":"https:\/\/zpo.yqp.mybluehost.me\/comicdominicano\/blog-heroico-comic-dominicano\/#primaryimage"},"image":{"@id":"https:\/\/zpo.yqp.mybluehost.me\/comicdominicano\/blog-heroico-comic-dominicano\/#primaryimage"},"thumbnailUrl":"https:\/\/comicdominicano.com\/wp-content\/uploads\/2019\/07\/Superman-Kingdom-Come.jpg","datePublished":"2019-07-23T11:23:28+00:00","dateModified":"2020-03-29T19:36:16+00:00","description":"Bienvenido al blog del c\u00f3mic dominicano. Aqu\u00ed es donde compartimos lo vivido por la comunidad de artistas y entusiastas del C\u00f3mic en Rep\u00fablica Dominicana.","breadcrumb":{"@id":"https:\/\/zpo.yqp.mybluehost.me\/comicdominicano\/blog-heroico-comic-dominicano\/#breadcrumb"},"inLanguage":"en-US","potentialAction":[{"@type":"ReadAction","target":["https:\/\/zpo.yqp.mybluehost.me\/comicdominicano\/blog-heroico-comic-dominicano\/"]}]},{"@type":"ImageObject","inLanguage":"en-US","@id":"https:\/\/zpo.yqp.mybluehost.me\/comicdominicano\/blog-heroico-comic-dominicano\/#primaryimage","url":"https:\/\/comicdominicano.com\/wp-content\/uploads\/2019\/07\/Superman-Kingdom-Come.jpg","contentUrl":"https:\/\/comicdominicano.com\/wp-content\/uploads\/2019\/07\/Superman-Kingdom-Come.jpg","width":1920,"height":1333,"caption":"Superman Cultura C\u00f3mic RD"},{"@type":"BreadcrumbList","@id":"https:\/\/zpo.yqp.mybluehost.me\/comicdominicano\/blog-heroico-comic-dominicano\/#breadcrumb","itemListElement":[{"@type":"ListItem","position":1,"name":"Home","item":"https:\/\/comicdominicano.com\/"},{"@type":"ListItem","position":2,"name":"Blog Her\u00f3ico"}]},{"@type":"WebSite","@id":"https:\/\/zpo.yqp.mybluehost.me\/comicdominicano\/en\/#website","url":"https:\/\/zpo.yqp.mybluehost.me\/comicdominicano\/en\/","name":"Cultura C\u00f3mic RD","description":"Apoyando al C\u00f3mic Dominicano","publisher":{"@id":"https:\/\/zpo.yqp.mybluehost.me\/comicdominicano\/en\/#organization"},"potentialAction":[{"@type":"SearchAction","target":{"@type":"EntryPoint","urlTemplate":"https:\/\/zpo.yqp.mybluehost.me\/comicdominicano\/en\/?s={search_term_string}"},"query-input":{"@type":"PropertyValueSpecification","valueRequired":true,"valueName":"search_term_string"}}],"inLanguage":"en-US"},{"@type":"Organization","@id":"https:\/\/zpo.yqp.mybluehost.me\/comicdominicano\/en\/#organization","name":"Cultura C\u00f3mic RD","url":"https:\/\/zpo.yqp.mybluehost.me\/comicdominicano\/en\/","logo":{"@type":"ImageObject","inLanguage":"en-US","@id":"https:\/\/zpo.yqp.mybluehost.me\/comicdominicano\/en\/#\/schema\/logo\/image\/","url":"https:\/\/comicdominicano.com\/wp-content\/uploads\/2019\/07\/CulturaComicLogo.png","contentUrl":"https:\/\/comicdominicano.com\/wp-content\/uploads\/2019\/07\/CulturaComicLogo.png","width":2000,"height":2000,"caption":"Cultura C\u00f3mic RD"},"image":{"@id":"https:\/\/zpo.yqp.mybluehost.me\/comicdominicano\/en\/#\/schema\/logo\/image\/"},"sameAs":["https:\/\/www.facebook.com\/CulturaComicRD\/","https:\/\/x.com\/CulturaComic","https:\/\/www.instagram.com\/culturacomic\/","https:\/\/www.linkedin.com\/company\/18631015\/","https:\/\/www.youtube.com\/channel\/UCfrvHQiWywLR4w5v-g3ppjw"]}]}},"_links":{"self":[{"href":"https:\/\/comicdominicano.com\/en\/wp-json\/wp\/v2\/pages\/116","targetHints":{"allow":["GET"]}}],"collection":[{"href":"https:\/\/comicdominicano.com\/en\/wp-json\/wp\/v2\/pages"}],"about":[{"href":"https:\/\/comicdominicano.com\/en\/wp-json\/wp\/v2\/types\/page"}],"author":[{"embeddable":true,"href":"https:\/\/comicdominicano.com\/en\/wp-json\/wp\/v2\/users\/1"}],"replies":[{"embeddable":true,"href":"https:\/\/comicdominicano.com\/en\/wp-json\/wp\/v2\/comments?post=116"}],"version-history":[{"count":0,"href":"https:\/\/comicdominicano.com\/en\/wp-json\/wp\/v2\/pages\/116\/revisions"}],"wp:featuredmedia":[{"embeddable":true,"href":"https:\/\/comicdominicano.com\/en\/wp-json\/wp\/v2\/media\/71"}],"wp:attachment":[{"href":"https:\/\/comicdominicano.com\/en\/wp-json\/wp\/v2\/media?parent=116"}],"curies":[{"name":"wp","href":"https:\/\/api.w.org\/{rel}","templated":true}]}}